{"id":62,"date":"2023-07-28T22:06:38","date_gmt":"2023-07-28T20:06:38","guid":{"rendered":"https:\/\/os-sradic-im.skole.hr\/?page_id=62"},"modified":"2025-11-19T13:05:21","modified_gmt":"2025-11-19T12:05:21","slug":"knjiznica","status":"publish","type":"page","link":"https:\/\/os-sradic-im.skole.hr\/?page_id=62","title":{"rendered":"Knji\u017enica"},"content":{"rendered":"<p>[et_pb_section fb_built=&#8221;1&#8243; _builder_version=&#8221;4.25.0&#8243; _module_preset=&#8221;default&#8221; background_enable_pattern_style=&#8221;on&#8221; background_pattern_color=&#8221;rgba(224,153,0,0.2)&#8221; global_colors_info=&#8221;{}&#8221;][et_pb_row _builder_version=&#8221;4.25.0&#8243; _module_preset=&#8221;default&#8221; global_colors_info=&#8221;{}&#8221;][et_pb_column type=&#8221;4_4&#8243; _builder_version=&#8221;4.25.0&#8243; _module_preset=&#8221;default&#8221; global_colors_info=&#8221;{}&#8221;][et_pb_image src=&#8221;https:\/\/os-sradic-im.skole.hr\/wp-content\/uploads\/sites\/1345\/2025\/11\/Eco-Living-Real-Estate-Logo-2.png&#8221; _builder_version=&#8221;4.25.0&#8243; _module_preset=&#8221;default&#8221; hover_enabled=&#8221;0&#8243; sticky_enabled=&#8221;0&#8243; title_text=&#8221;Eco Living Real Estate Logo (2)&#8221; max_width=&#8221;39%&#8221; module_alignment=&#8221;center&#8221;][\/et_pb_image][et_pb_accordion _builder_version=&#8221;4.25.0&#8243; _module_preset=&#8221;default&#8221; toggle_text_color=&#8221;#EDF000&#8243; global_colors_info=&#8221;{}&#8221;][et_pb_accordion_item open=&#8221;on&#8221; _builder_version=&#8221;4.25.0&#8243; _module_preset=&#8221;default&#8221; global_colors_info=&#8221;{}&#8221;]<\/p>\n<h3><\/h3>\n<h3><span style=\"color: #e09900\"><strong><\/strong><\/span><\/h3>\n<h3><span style=\"color: #e09900\"><strong><img decoding=\"async\" src=\"https:\/\/os-sradic-im.skole.hr\/wp-content\/uploads\/sites\/1345\/2024\/09\/312028-300x200.png\" width=\"300\" height=\"200\" alt=\"\" class=\"wp-image-293295 alignnone size-medium\" \/><\/strong><\/span><\/h3>\n<h3><span style=\"color: #e09900\"><strong>Radno vrijeme \u0161kolske knji\u017enice je od 7:30 do 13:30 sati.<\/strong><\/span><\/h3>\n<h3><span><img decoding=\"async\" alt=\"\" src=\"https:\/\/os-sradic-im.skole.hr\/upload\/os-sradic-im\/images\/static3\/1788\/Image\/image-bookshelf_0.png\" \/><\/span><\/h3>\n<p><span><strong>tel: 021\/412-645<\/strong><\/span><\/p>\n<p><span><strong>Knji\u017eni\u010darka: Marijana Jelini\u0107 Pezo, prof. i dipl. knji\u017e., savjetnica<\/strong><\/span><\/p>\n<p><span><strong>Voditeljica \u017dupanijskog stru\u010dnog vije\u0107a knji\u017eni\u010dara osnovnih \u0161kola Splitsko-dalmatinske \u017eupanije<\/strong><\/span><\/p>\n<p><span style=\"color: #0033cc\"><b>e-mail: marijana.jelinic1@skole.hr<\/b><\/span><\/p>\n<p><span>Knji\u017enica koristi knji\u017eni\u010dni program Metelwin. Putem Interneta omogu\u0107eno je pretra\u017eivanje knji\u017eni\u010dnog fonda po autoru, naslovu djela\u00a0ili drugim parametrima.<\/span><\/p>\n<p><span>Ova usluga\u00a0namijenjena je korisnicima koji s\u00a0udaljenog ra\u010dunala (pametnog telefona, tableta&#8230;)\u00a0\u017eele provjeriti\u00a0posjeduje li\u00a0<\/span><span>knji\u017enica\u00a0<\/span><span>odre\u0111eni naslov i\u00a0je li odre\u0111ena knjiga slobodna za posudbu.\u00a0<\/span><\/p>\n<p><strong><span>E-katalog knji\u017enice:\u00a0\u00a0<\/span><\/strong><\/p>\n<p><span><a href=\"http:\/\/library.foi.hr\/m3\/kupit.asp?B=866&amp;dlib=1\">http:\/\/library.foi.hr\/m3\/kupit.asp?B=866&amp;dlib=1<\/a><a href=\"http:\/\/library.foi.hr\/m3\/kupit.asp?B=866&amp;dlib=1\"><\/a><\/span><\/p>\n<p><span><em><strong>\u00a0\u00a0<\/strong><\/em><\/span><\/p>\n<p><span><em><strong><span style=\"color: #0c71c3\">PRAVILA POSUDBE KNJIGA<\/span><img decoding=\"async\" alt=\"\" src=\"https:\/\/os-sradic-im.skole.hr\/upload\/os-sradic-im\/images\/static3\/1788\/Image\/animated_kid_book.gif\" \/><\/strong><\/em><\/span><\/p>\n<ul>\n<li><span>korisnici \u0161kolske knji\u017enice su u\u010denici (roditelji i skrbnici u\u010denika), u\u010ditelji i ostali djelatnici O\u0160 \u201eStjepan Radi\u0107\u201c<\/span><\/li>\n<li><span>odjednom se mogu posuditi\u00a0<strong>najvi\u0161e 3 naslova<\/strong>\u00a0\u2013 lektirni i za slobodno \u010ditanje na rok od\u00a0<strong>30 dana,<\/strong>\u00a0\u00a0<strong>\u010dasopisi<\/strong>\u00a0se posu\u0111uju na rok od 7 dana<\/span><\/li>\n<li><span>dok se ne vrate posu\u0111ene lektire, ne mogu se posuditi nove<\/span><\/li>\n<li><span>ako zbog bolesti ili drugog razloga\u00a0<strong>u\u010denik nije u mogu\u0107nosti\u00a0<\/strong>na vrijeme vratiti knjigu, treba o tome obavijestiti knji\u017eni\u010darku, a posu\u0111enu knjigu vratiti odmah nakon prestanka razloga sprije\u010denosti<\/span><\/li>\n<li><span><strong>referentna gra\u0111a<\/strong>\u00a0(leksikoni, rje\u010dnici, enciklopedije, pravopisi) i stru\u010dna literatura mo\u017ee se koristiti samo u prostoru knji\u017enice<\/span><\/li>\n<li><span>korisnici su obvezni <strong>\u010duvati knjige i ostalu gra\u0111u od o\u0161te\u0107enja<\/strong>\u00a0(podcrtavanje, trganje listova, izrezivanje slika\u2026)<\/span><\/li>\n<li><span><strong>o\u0161te\u0107enu ili izgubljenu gra\u0111u<\/strong> korisnik je obvezan nadoknaditi zamjenom za istovrsnu\u00a0\u00a0gra\u0111u ili gra\u0111u u istoj nov\u010danoj vrijednosti ili iznimno drugu knjigu koja je potrebna knji\u017enici, u visini cijene posu\u0111ene knjige.<\/span><\/li>\n<li><span>u\u010denici su obvezni <strong>do \u00a010. lipnja<\/strong> vratiti sve posudbe u \u0161kolsku knji\u017enicu\u00a0<\/span><span><\/span><\/li>\n<\/ul>\n<ul>\n<ul><\/ul>\n<\/ul>\n<p><span><\/span><\/p>\n<p><span><\/span><\/p>\n<p><span><\/span><\/p>\n<p><span><\/span><\/p>\n<p><span><\/span><\/p>\n<p><span><\/span><\/p>\n<p>[\/et_pb_accordion_item][\/et_pb_accordion][\/et_pb_column][\/et_pb_row][\/et_pb_section]<\/p>\n","protected":false},"excerpt":{"rendered":"<p>Radno vrijeme \u0161kolske knji\u017enice je od 7:30 do 13:30 sati. tel: 021\/412-645 Knji\u017eni\u010darka: Marijana Jelini\u0107 Pezo, prof. i dipl. knji\u017e., savjetnica Voditeljica \u017dupanijskog stru\u010dnog vije\u0107a knji\u017eni\u010dara osnovnih \u0161kola Splitsko-dalmatinske \u017eupanije e-mail: marijana.jelinic1@skole.hr Knji\u017enica koristi knji\u017eni\u010dni program Metelwin. Putem Interneta omogu\u0107eno je pretra\u017eivanje knji\u017eni\u010dnog fonda po autoru, naslovu djela\u00a0ili drugim parametrima. Ova usluga\u00a0namijenjena je korisnicima koji [&hellip;]<\/p>\n","protected":false},"author":0,"featured_media":0,"parent":0,"menu_order":0,"comment_status":"closed","ping_status":"closed","template":"","meta":{"_et_pb_use_builder":"on","_et_pb_old_content":"<!-- wp:divi\/placeholder \/-->","_et_gb_content_width":"","footnotes":""},"class_list":["post-62","page","type-page","status-publish","hentry"],"_links":{"self":[{"href":"https:\/\/os-sradic-im.skole.hr\/index.php?rest_route=\/wp\/v2\/pages\/62","targetHints":{"allow":["GET"]}}],"collection":[{"href":"https:\/\/os-sradic-im.skole.hr\/index.php?rest_route=\/wp\/v2\/pages"}],"about":[{"href":"https:\/\/os-sradic-im.skole.hr\/index.php?rest_route=\/wp\/v2\/types\/page"}],"replies":[{"embeddable":true,"href":"https:\/\/os-sradic-im.skole.hr\/index.php?rest_route=%2Fwp%2Fv2%2Fcomments&post=62"}],"version-history":[{"count":10,"href":"https:\/\/os-sradic-im.skole.hr\/index.php?rest_route=\/wp\/v2\/pages\/62\/revisions"}],"predecessor-version":[{"id":299601,"href":"https:\/\/os-sradic-im.skole.hr\/index.php?rest_route=\/wp\/v2\/pages\/62\/revisions\/299601"}],"wp:attachment":[{"href":"https:\/\/os-sradic-im.skole.hr\/index.php?rest_route=%2Fwp%2Fv2%2Fmedia&parent=62"}],"curies":[{"name":"wp","href":"https:\/\/api.w.org\/{rel}","templated":true}]}}