{"id":296121,"date":"2025-01-14T09:08:59","date_gmt":"2025-01-14T08:08:59","guid":{"rendered":"https:\/\/os-sradic-im.skole.hr\/?page_id=296121"},"modified":"2026-01-30T12:38:13","modified_gmt":"2026-01-30T11:38:13","slug":"pristup-informacijama","status":"publish","type":"page","link":"https:\/\/os-sradic-im.skole.hr\/?page_id=296121","title":{"rendered":"Pristup informacijama"},"content":{"rendered":"<p>[et_pb_section fb_built=&#8221;1&#8243; _builder_version=&#8221;4.25.0&#8243; _module_preset=&#8221;default&#8221; global_colors_info=&#8221;{}&#8221;][et_pb_row _builder_version=&#8221;4.25.0&#8243; _module_preset=&#8221;default&#8221; global_colors_info=&#8221;{}&#8221;][et_pb_column type=&#8221;4_4&#8243; _builder_version=&#8221;4.25.0&#8243; _module_preset=&#8221;default&#8221; global_colors_info=&#8221;{}&#8221;][et_pb_accordion _builder_version=&#8221;4.25.0&#8243; _module_preset=&#8221;default&#8221; hover_enabled=&#8221;0&#8243; global_colors_info=&#8221;{}&#8221; sticky_enabled=&#8221;0&#8243;][et_pb_accordion_item open=&#8221;on&#8221; _builder_version=&#8221;4.25.0&#8243; _module_preset=&#8221;default&#8221; hover_enabled=&#8221;0&#8243; global_colors_info=&#8221;{}&#8221; sticky_enabled=&#8221;0&#8243;]<\/p>\n<p><a href=\"https:\/\/os-sradic-im.skole.hr\/wp-content\/uploads\/sites\/1345\/2026\/01\/Izjava-o-nepostojanju-sukoba-interesa-s-gospodarskim-subjektima-azurirana.pdf\" rel=\"attachment wp-att-300600\">Izjava o nepostojanju sukoba interesa s gospodarskim subjektima-a\u017eurirana<\/a><\/p>\n<p><a href=\"https:\/\/os-sradic-im.skole.hr\/wp-content\/uploads\/sites\/1345\/2026\/01\/Izjava-o-nepostojanju-sukoba-interesa-s-gospodarskim-subjektima.pdf\" rel=\"attachment wp-att-300597\">Izjava o nepostojanju sukoba interesa s gospodarskim subjektima<\/a><\/p>\n<p><a href=\"https:\/\/os-sradic-im.skole.hr\/wp-content\/uploads\/sites\/1345\/2026\/01\/Godisnje-izvjesce-o-provedbi-Zakona-o-pravu-na-pristup-informacijama-za-2025.g.pdf\" rel=\"attachment wp-att-300558\">Godisnje izvjesce o provedbi Zakona o pravu na pristup informacijama za 2025.g.<\/a><\/p>\n<p><a href=\"https:\/\/os-sradic-im.skole.hr\/wp-content\/uploads\/sites\/1345\/2025\/01\/Godisnje-izvjesce-o-provedbi-Zakona-o-pravu-na-pristup-informacijama-2024.pdf\" rel=\"attachment wp-att-296064\">Godi\u0161nje izvje\u0161\u0107e o provedbi Zakona o pravu na pristup informacijama 2024.<\/a><\/p>\n<p><a href=\"https:\/\/os-sradic-im.skole.hr\/wp-content\/uploads\/sites\/1345\/2025\/10\/Obrazac-Zahtjev_za_pristup_informacijama.doc\" rel=\"attachment wp-att-298887\">Obrazac-Zahtjev_za_pristup_informacijama<\/a><\/p>\n<p><a href=\"https:\/\/os-sradic-im.skole.hr\/wp-content\/uploads\/sites\/1345\/2025\/10\/Obrazac_Zahtjev_za_dopunu_ili_ispravak_informacije.doc\" rel=\"attachment wp-att-298890\">Obrazac_Zahtjev_za_dopunu_ili_ispravak_informacije<\/a><\/p>\n<p><a href=\"https:\/\/os-sradic-im.skole.hr\/wp-content\/uploads\/sites\/1345\/2025\/10\/Obrazac-Zahtjev_za_ponovnu_uporabu_informacija.doc\" rel=\"attachment wp-att-298893\">Obrazac-Zahtjev_za_ponovnu_uporabu_informacija<\/a><\/p>\n<p><a href=\"https:\/\/os-sradic-im.skole.hr\/wp-content\/uploads\/sites\/1345\/2025\/10\/Odluka_o_imenovanju.pdf\" rel=\"attachment wp-att-298896\">Odluka_o_imenovanju<\/a><\/p>\n<p>[\/et_pb_accordion_item][\/et_pb_accordion][\/et_pb_column][\/et_pb_row][\/et_pb_section][et_pb_section fb_built=&#8221;1&#8243; fullwidth=&#8221;on&#8221; _builder_version=&#8221;4.25.0&#8243; _module_preset=&#8221;default&#8221; global_colors_info=&#8221;{}&#8221;][et_pb_fullwidth_menu menu_id=&#8221;none&#8221; active_link_color=&#8221;#C5310D&#8221; show_search_icon=&#8221;on&#8221; search_icon_color=&#8221;#0C71C3&#8243; _builder_version=&#8221;4.25.0&#8243; _module_preset=&#8221;default&#8221; menu_font=&#8221;Almendra SC|700|||||||&#8221; menu_text_color=&#8221;#E09900&#8243; menu_font_size=&#8221;18px&#8221; background_color=&#8221;#FFFFFF&#8221; global_colors_info=&#8221;{}&#8221;][\/et_pb_fullwidth_menu][\/et_pb_section][et_pb_section fb_built=&#8221;1&#8243; admin_label=&#8221;Page Footer&#8221; _builder_version=&#8221;4.25.0&#8243; _module_preset=&#8221;default&#8221; background_color=&#8221;gcid-4db76418-c7ee-4f83-9722-bdc8c8e1aa72&#8243; background_image=&#8221;https:\/\/os-sradic-im.skole.hr\/wp-content\/uploads\/sites\/1345\/2025\/01\/s.-radic.jpg&#8221; link_option_url=&#8221;google-site-verification: googlefedcd3228e646073.html&#8221; global_colors_info=&#8221;{%22gcid-4db76418-c7ee-4f83-9722-bdc8c8e1aa72%22:%91%22background_color%22%93}&#8221;][et_pb_row column_structure=&#8221;1_4,1_4,1_4,1_4&#8243; _builder_version=&#8221;4.22.0&#8243; _module_preset=&#8221;default&#8221; global_colors_info=&#8221;{}&#8221;][et_pb_column type=&#8221;1_4&#8243; _builder_version=&#8221;4.22.0&#8243; _module_preset=&#8221;default&#8221; global_colors_info=&#8221;{}&#8221;][et_pb_text admin_label=&#8221;Adresa&#8221; _builder_version=&#8221;4.25.0&#8243; _module_preset=&#8221;default&#8221; text_text_color=&#8221;gcid-99d7e98e-f11f-4a9a-9009-dd43260d6fd1&#8243; text_font_size=&#8221;14px&#8221; link_text_color=&#8221;gcid-96ff5bf3-a29c-4c52-8f29-723075999522&#8243; header_2_text_color=&#8221;gcid-99d7e98e-f11f-4a9a-9009-dd43260d6fd1&#8243; header_2_font_size=&#8221;28px&#8221; background_color=&#8221;#FFFFFF&#8221; link_text_shadow_style=&#8221;preset4&#8243; header_2_text_shadow_style=&#8221;preset2&#8243; global_colors_info=&#8221;%91%93&#8243;]<\/p>\n<h2>Adresa \u0161kole<\/h2>\n<p>Fra Stjepana Vrlji\u0107a 13<\/p>\n<p>21260 Imotski<\/p>\n<p><iframe loading=\"lazy\" src=\"https:\/\/www.google.com\/maps\/embed?pb=!1m18!1m12!1m3!1d2896.6819333409244!2d17.211460611617987!3d43.44635846566394!2m3!1f0!2f0!3f0!3m2!1i1024!2i768!4f13.1!3m3!1m2!1s0x134adebe81b25553%3A0x799e273ebf9a8a9c!2sElementary%20school%20%22Stjepan%20Radic%22%20Imotski!5e0!3m2!1sen!2shr!4v1726009145518!5m2!1sen!2shr\" width=\"250\" height=\"250\" style=\"border: 0\" allowfullscreen=\"\"><\/iframe><\/p>\n<p>[\/et_pb_text][\/et_pb_column][et_pb_column type=&#8221;1_4&#8243; _builder_version=&#8221;4.20.4&#8243; _module_preset=&#8221;default&#8221; global_colors_info=&#8221;{}&#8221;][et_pb_text admin_label=&#8221;Kontakt&#8221; _builder_version=&#8221;4.25.0&#8243; _module_preset=&#8221;default&#8221; text_text_color=&#8221;gcid-99d7e98e-f11f-4a9a-9009-dd43260d6fd1&#8243; text_font_size=&#8221;14px&#8221; link_text_color=&#8221;gcid-96ff5bf3-a29c-4c52-8f29-723075999522&#8243; header_2_text_color=&#8221;gcid-99d7e98e-f11f-4a9a-9009-dd43260d6fd1&#8243; header_2_font_size=&#8221;28px&#8221; background_color=&#8221;#FFFFFF&#8221; custom_padding=&#8221;||0px|||&#8221; link_text_shadow_style=&#8221;preset4&#8243; header_2_text_shadow_style=&#8221;preset2&#8243; global_colors_info=&#8221;%91%93&#8243;]<\/p>\n<h2>Kontakt<\/h2>\n<p>021\/841-107<\/p>\n<p><a href=\"mailto:ured@os-sradic-im.skole.hr\">ured@os-sradic-im.skole.hr<\/a><\/p>\n<p>&nbsp;<\/p>\n<p>[\/et_pb_text][\/et_pb_column][et_pb_column type=&#8221;1_4&#8243; _builder_version=&#8221;4.20.4&#8243; _module_preset=&#8221;default&#8221; global_colors_info=&#8221;{}&#8221;][et_pb_text admin_label=&#8221;Linkovi&#8221; _builder_version=&#8221;4.25.0&#8243; _module_preset=&#8221;default&#8221; text_text_color=&#8221;gcid-99d7e98e-f11f-4a9a-9009-dd43260d6fd1&#8243; text_font_size=&#8221;14px&#8221; link_text_color=&#8221;gcid-96ff5bf3-a29c-4c52-8f29-723075999522&#8243; header_2_text_color=&#8221;gcid-99d7e98e-f11f-4a9a-9009-dd43260d6fd1&#8243; header_2_font_size=&#8221;28px&#8221; background_color=&#8221;#FFFFFF&#8221; link_text_shadow_style=&#8221;preset4&#8243; header_2_text_shadow_style=&#8221;preset2&#8243; global_colors_info=&#8221;%91%93&#8243;]<\/p>\n<h2>Korisni linkovi<\/h2>\n<ul>\n<li><a href=\"https:\/\/mzo.gov.hr\">Ministarstvo znanosti i obrazovanja<\/a><\/li>\n<li><a href=\"https:\/\/www.carnet.hr\">CARNET<\/a><\/li>\n<li><a href=\"https:\/\/www.carnet.hr\/sluzba-za-podrsku-korisnicima\">CARNET Helpdesk za \u0161kole<\/a><\/li>\n<li><a href=\"https:\/\/www.skole.hr\">Portal za \u0161kole<\/a><\/li>\n<li><a href=\"https:\/\/edutorij.e-skole.hr\">Edutorij<\/a><\/li>\n<li><a href=\"https:\/\/ocjene.skole.hr\">e-Dnevnik za roditelje i u\u010denike<\/a><\/li>\n<\/ul>\n<p>[\/et_pb_text][\/et_pb_column][et_pb_column type=&#8221;1_4&#8243; _builder_version=&#8221;4.20.4&#8243; _module_preset=&#8221;default&#8221; global_colors_info=&#8221;{}&#8221;][et_pb_text admin_label=&#8221;Zapratite&#8221; _builder_version=&#8221;4.25.0&#8243; _module_preset=&#8221;default&#8221; text_text_color=&#8221;gcid-99d7e98e-f11f-4a9a-9009-dd43260d6fd1&#8243; text_font_size=&#8221;14px&#8221; link_text_color=&#8221;gcid-96ff5bf3-a29c-4c52-8f29-723075999522&#8243; header_2_text_color=&#8221;gcid-99d7e98e-f11f-4a9a-9009-dd43260d6fd1&#8243; header_2_font_size=&#8221;28px&#8221; background_color=&#8221;#FFFFFF&#8221; custom_margin=&#8221;||1px|||&#8221; link_option_url=&#8221;google-site-verification: googlefedcd3228e646073.html&#8221; link_text_shadow_style=&#8221;preset4&#8243; header_2_text_shadow_style=&#8221;preset2&#8243; global_colors_info=&#8221;%91%93&#8243;]<\/p>\n<h2 style=\"text-align: center\">Zapratite nas<\/h2>\n<p>[\/et_pb_text][et_pb_social_media_follow use_icon_font_size=&#8221;on&#8221; icon_font_size=&#8221;13px&#8221; _builder_version=&#8221;4.25.0&#8243; _module_preset=&#8221;default&#8221; text_orientation=&#8221;center&#8221; global_colors_info=&#8221;{}&#8221;][et_pb_social_media_follow_network social_network=&#8221;youtube&#8221; url=&#8221;https:\/\/www.youtube.com\/channel\/UCFz7pM0BKX86gX7hQ1IrFYA&#8221; _builder_version=&#8221;4.25.0&#8243; _module_preset=&#8221;default&#8221; background_color=&#8221;#a82400&#8243; global_colors_info=&#8221;{}&#8221; follow_button=&#8221;off&#8221; url_new_window=&#8221;on&#8221;]youtube[\/et_pb_social_media_follow_network][\/et_pb_social_media_follow][\/et_pb_column][\/et_pb_row][\/et_pb_section][et_pb_section fb_built=&#8221;1&#8243; admin_label=&#8221;EU footer&#8221; _builder_version=&#8221;4.18.0&#8243; _module_preset=&#8221;default&#8221; min_height=&#8221;122px&#8221; custom_padding=&#8221;9px||20px|||&#8221; global_colors_info=&#8221;{}&#8221;][et_pb_row column_structure=&#8221;1_5,1_5,1_5,1_5,1_5&#8243; make_equal=&#8221;on&#8221; custom_padding_last_edited=&#8221;off|desktop&#8221; admin_label=&#8221;Logotipovi&#8221; _builder_version=&#8221;4.22.0&#8243; _module_preset=&#8221;default&#8221; positioning=&#8221;none&#8221; max_width=&#8221;1024px&#8221; custom_css_main_element=&#8221;align-items: center;&#8221; global_colors_info=&#8221;{}&#8221; custom_css_main_element_last_edited=&#8221;on|desktop&#8221; custom_css_main_element_tablet=&#8221;align-items: center;&#8221; custom_css_main_element_phone=&#8221;align-items: center;&#8221;][et_pb_column type=&#8221;1_5&#8243; _builder_version=&#8221;4.22.0&#8243; _module_preset=&#8221;default&#8221; custom_padding_tablet=&#8221;&#8221; custom_padding_phone=&#8221;&#8221; custom_padding_last_edited=&#8221;on|phone&#8221; global_colors_info=&#8221;{}&#8221; custom_css_main_element_last_edited=&#8221;on|desktop&#8221;][et_pb_image src=&#8221;https:\/\/os-sradic-im.skole.hr\/wp-content\/uploads\/sites\/1345\/2023\/08\/carnet.svg&#8221; title_text=&#8221;carnet&#8221; url=&#8221;https:\/\/www.carnet.hr\/&#8221; url_new_window=&#8221;on&#8221; align=&#8221;center&#8221; align_tablet=&#8221;center&#8221; align_phone=&#8221;&#8221; align_last_edited=&#8221;on|desktop&#8221; admin_label=&#8221;CARNET&#8221; _builder_version=&#8221;4.22.0&#8243; _module_preset=&#8221;default&#8221; max_width=&#8221;130px&#8221; max_width_tablet=&#8221;130px&#8221; max_width_phone=&#8221;130px&#8221; max_width_last_edited=&#8221;on|phone&#8221; module_alignment=&#8221;center&#8221; global_colors_info=&#8221;%91%93&#8243;][\/et_pb_image][\/et_pb_column][et_pb_column type=&#8221;1_5&#8243; _builder_version=&#8221;4.22.0&#8243; _module_preset=&#8221;default&#8221; custom_padding_tablet=&#8221;&#8221; custom_padding_phone=&#8221;&#8221; custom_padding_last_edited=&#8221;on|phone&#8221; global_colors_info=&#8221;{}&#8221;][et_pb_image src=&#8221;https:\/\/os-sradic-im.skole.hr\/wp-content\/uploads\/sites\/1345\/2023\/08\/eu.svg&#8221; title_text=&#8221;eu&#8221; url=&#8221;https:\/\/european-union.europa.eu\/index_hr&#8221; url_new_window=&#8221;on&#8221; align=&#8221;center&#8221; align_tablet=&#8221;center&#8221; align_phone=&#8221;&#8221; align_last_edited=&#8221;on|desktop&#8221; admin_label=&#8221;EU&#8221; _builder_version=&#8221;4.22.0&#8243; _module_preset=&#8221;default&#8221; max_width=&#8221;90px&#8221; max_width_tablet=&#8221;90px&#8221; max_width_phone=&#8221;90px&#8221; max_width_last_edited=&#8221;on|desktop&#8221; global_colors_info=&#8221;%91%93&#8243;][\/et_pb_image][\/et_pb_column][et_pb_column type=&#8221;1_5&#8243; _builder_version=&#8221;4.22.0&#8243; _module_preset=&#8221;default&#8221; custom_padding_tablet=&#8221;&#8221; custom_padding_phone=&#8221;&#8221; custom_padding_last_edited=&#8221;on|desktop&#8221; global_colors_info=&#8221;{}&#8221;][et_pb_image src=&#8221;https:\/\/os-sradic-im.skole.hr\/wp-content\/uploads\/sites\/1345\/2023\/08\/eu-fondovi.svg&#8221; title_text=&#8221;eu-fondovi&#8221; url=&#8221;https:\/\/strukturnifondovi.hr\/&#8221; url_new_window=&#8221;on&#8221; align=&#8221;center&#8221; align_tablet=&#8221;center&#8221; align_phone=&#8221;&#8221; align_last_edited=&#8221;on|desktop&#8221; admin_label=&#8221;Fondovi&#8221; _builder_version=&#8221;4.22.0&#8243; _module_preset=&#8221;default&#8221; max_width=&#8221;160px&#8221; max_width_tablet=&#8221;160px&#8221; max_width_phone=&#8221;160px&#8221; max_width_last_edited=&#8221;on|desktop&#8221; global_colors_info=&#8221;%91%93&#8243;][\/et_pb_image][\/et_pb_column][et_pb_column type=&#8221;1_5&#8243; _builder_version=&#8221;4.22.0&#8243; _module_preset=&#8221;default&#8221; custom_padding_tablet=&#8221;&#8221; custom_padding_phone=&#8221;&#8221; custom_padding_last_edited=&#8221;on|phone&#8221; global_colors_info=&#8221;{}&#8221;][et_pb_image src=&#8221;https:\/\/os-sradic-im.skole.hr\/wp-content\/uploads\/sites\/1345\/2023\/08\/eu-potencijal.svg&#8221; title_text=&#8221;eu-potencijal&#8221; url=&#8221;https:\/\/www.esf.hr\/&#8221; url_new_window=&#8221;on&#8221; align=&#8221;center&#8221; align_tablet=&#8221;center&#8221; align_phone=&#8221;&#8221; align_last_edited=&#8221;on|desktop&#8221; admin_label=&#8221;Potencijali&#8221; _builder_version=&#8221;4.22.0&#8243; _module_preset=&#8221;default&#8221; max_width=&#8221;70px&#8221; max_width_tablet=&#8221;70px&#8221; max_width_phone=&#8221;70px&#8221; max_width_last_edited=&#8221;on|phone&#8221; global_colors_info=&#8221;%91%93&#8243;][\/et_pb_image][\/et_pb_column][et_pb_column type=&#8221;1_5&#8243; _builder_version=&#8221;4.22.0&#8243; _module_preset=&#8221;default&#8221; custom_padding_tablet=&#8221;&#8221; custom_padding_phone=&#8221;&#8221; custom_padding_last_edited=&#8221;on|phone&#8221; global_colors_info=&#8221;{}&#8221;][et_pb_image src=&#8221;https:\/\/os-sradic-im.skole.hr\/wp-content\/uploads\/sites\/1345\/2023\/08\/eu-konkurentnost.svg&#8221; title_text=&#8221;eu-konkurentnost&#8221; url=&#8221;https:\/\/strukturnifondovi.hr\/eu-fondovi\/esi-fondovi-2014-2020\/op-konkurentnost-i-kohezija\/&#8221; url_new_window=&#8221;on&#8221; align=&#8221;center&#8221; align_tablet=&#8221;center&#8221; align_phone=&#8221;&#8221; align_last_edited=&#8221;on|desktop&#8221; admin_label=&#8221;Konkurentnost&#8221; _builder_version=&#8221;4.22.0&#8243; _module_preset=&#8221;default&#8221; max_width=&#8221;140px&#8221; max_width_tablet=&#8221;140px&#8221; max_width_phone=&#8221;140px&#8221; max_width_last_edited=&#8221;on|phone&#8221; global_colors_info=&#8221;%91%93&#8243;][\/et_pb_image][\/et_pb_column][\/et_pb_row][et_pb_row admin_label=&#8221;Row&#8221; _builder_version=&#8221;4.20.0&#8243; _module_preset=&#8221;default&#8221; global_colors_info=&#8221;{}&#8221;][et_pb_column type=&#8221;4_4&#8243; _builder_version=&#8221;4.20.0&#8243; _module_preset=&#8221;default&#8221; global_colors_info=&#8221;{}&#8221;][et_pb_text _builder_version=&#8221;4.22.0&#8243; _module_preset=&#8221;default&#8221; text_text_color=&#8221;#B7B7B7&#8243; text_orientation=&#8221;center&#8221; global_colors_info=&#8221;{}&#8221;]<\/p>\n<p>Izradu ove mre\u017ene stranice sufinancirala je Europska unija iz europskih strukturnih i investicijskih fondova.<\/p>\n<p>[\/et_pb_text][\/et_pb_column][\/et_pb_row][\/et_pb_section]<\/p>\n","protected":false},"excerpt":{"rendered":"<p>Izjava o nepostojanju sukoba interesa s gospodarskim subjektima-a\u017eurirana Izjava o nepostojanju sukoba interesa s gospodarskim subjektima Godisnje izvjesce o provedbi Zakona o pravu na pristup informacijama za 2025.g. Godi\u0161nje izvje\u0161\u0107e o provedbi Zakona o pravu na pristup informacijama 2024. Obrazac-Zahtjev_za_pristup_informacijama Obrazac_Zahtjev_za_dopunu_ili_ispravak_informacije Obrazac-Zahtjev_za_ponovnu_uporabu_informacija Odluka_o_imenovanjuAdresa \u0161kole Fra Stjepana Vrlji\u0107a 13 21260 Imotski Kontakt 021\/841-107 ured@os-sradic-im.skole.hr &nbsp;Korisni linkovi [&hellip;]<\/p>\n","protected":false},"author":2840,"featured_media":0,"parent":0,"menu_order":0,"comment_status":"closed","ping_status":"closed","template":"","meta":{"_et_pb_use_builder":"on","_et_pb_old_content":"","_et_gb_content_width":"","footnotes":""},"class_list":["post-296121","page","type-page","status-publish","hentry"],"_links":{"self":[{"href":"https:\/\/os-sradic-im.skole.hr\/index.php?rest_route=\/wp\/v2\/pages\/296121","targetHints":{"allow":["GET"]}}],"collection":[{"href":"https:\/\/os-sradic-im.skole.hr\/index.php?rest_route=\/wp\/v2\/pages"}],"about":[{"href":"https:\/\/os-sradic-im.skole.hr\/index.php?rest_route=\/wp\/v2\/types\/page"}],"author":[{"embeddable":true,"href":"https:\/\/os-sradic-im.skole.hr\/index.php?rest_route=\/wp\/v2\/users\/2840"}],"replies":[{"embeddable":true,"href":"https:\/\/os-sradic-im.skole.hr\/index.php?rest_route=%2Fwp%2Fv2%2Fcomments&post=296121"}],"version-history":[{"count":8,"href":"https:\/\/os-sradic-im.skole.hr\/index.php?rest_route=\/wp\/v2\/pages\/296121\/revisions"}],"predecessor-version":[{"id":300606,"href":"https:\/\/os-sradic-im.skole.hr\/index.php?rest_route=\/wp\/v2\/pages\/296121\/revisions\/300606"}],"wp:attachment":[{"href":"https:\/\/os-sradic-im.skole.hr\/index.php?rest_route=%2Fwp%2Fv2%2Fmedia&parent=296121"}],"curies":[{"name":"wp","href":"https:\/\/api.w.org\/{rel}","templated":true}]}}