{"id":293241,"date":"2024-09-11T11:14:35","date_gmt":"2024-09-11T09:14:35","guid":{"rendered":"https:\/\/os-sradic-im.skole.hr\/?page_id=293241"},"modified":"2025-10-07T11:53:16","modified_gmt":"2025-10-07T09:53:16","slug":"srce-za-hrvatsku","status":"publish","type":"page","link":"https:\/\/os-sradic-im.skole.hr\/?page_id=293241","title":{"rendered":"Srce za Hrvatsku"},"content":{"rendered":"<p>[et_pb_section fb_built=&#8221;1&#8243; _builder_version=&#8221;4.25.0&#8243; _module_preset=&#8221;default&#8221; global_colors_info=&#8221;{}&#8221;][et_pb_row _builder_version=&#8221;4.25.0&#8243; _module_preset=&#8221;default&#8221; global_colors_info=&#8221;{}&#8221;][et_pb_column type=&#8221;4_4&#8243; _builder_version=&#8221;4.25.0&#8243; _module_preset=&#8221;default&#8221; global_colors_info=&#8221;{}&#8221;][et_pb_accordion _builder_version=&#8221;4.25.0&#8243; _module_preset=&#8221;default&#8221; hover_enabled=&#8221;0&#8243; global_colors_info=&#8221;{}&#8221; sticky_enabled=&#8221;0&#8243;][et_pb_accordion_item open=&#8221;on&#8221; _builder_version=&#8221;4.25.0&#8243; _module_preset=&#8221;default&#8221; hover_enabled=&#8221;0&#8243; global_colors_info=&#8221;{}&#8221; sticky_enabled=&#8221;0&#8243;]<\/p>\n<ol start=\"6\"><\/ol>\n<ol start=\"7\">\n<li><strong> ME\u0110UNARODNI LITERARNO-LIKOVNI NATJE\u010cAJ \u201eVelimir \u0110erek Sokol\u201c \u2013 <em>Srce za Hrvatsku<\/em><\/strong><\/li>\n<\/ol>\n<p>&nbsp;<\/p>\n<p><strong>Osnovna \u0161kola \u201eStjepan Radi\u0107\u201c, Imotski<\/strong> uz pozitivno stru\u010dno mi\u0161ljenje Agencije za odgoj i obrazovanje, suglasnost Ministarstva znanosti i obrazovanja te stru\u010dnu potporu Memorijalno-dokumentacijskoga centra Domovinskog rata <strong>organizira<\/strong><\/p>\n<ol start=\"7\">\n<li><strong> Me\u0111unarodni literarno-likovni natje\u010daj \u201eVelimir \u0110erek Sokol\u201c \u2013 <em>Srce za Hrvatsku<\/em><\/strong> za u\u010denike osnovnih \u0161kola Republike Hrvatske i inozemstva.<\/li>\n<\/ol>\n<p><strong><u>Uvjeti natje\u010daja:<\/u><\/strong><\/p>\n<p><strong>LITERARNI RADOVI<\/strong><\/p>\n<ol>\n<li>Radovi mogu biti pisani hrvatskim knji\u017eevnim jezikom i svim hrvatskim narje\u010djima i govorima. Uvjet je da nisu objavljivani u listovima ili publikacijama osim u \u0161kolskim listovima.<\/li>\n<li>Na pole\u0111ini svakoga literarnog rada treba biti navedena samo zaporka (rije\u010d i peteroznamenkasti broj) i razred<\/li>\n<li>Na posebnom listu treba navesti ime i prezime u\u010denika, razred, zaporku, ime i prezime u\u010ditelja \u2013 voditelja, naziv i adresu \u0161kole te pe\u010dat \u0161kole.<\/li>\n<li>Radovi moraju biti lektorirani i napisani ra\u010dunalno u 4 (\u010detiri) primjerka (Word, Times New Roman, 12 pt).<\/li>\n<\/ol>\n<p><strong>TEME:<\/strong> <em>Srce za Hrvatsku;\u00a0 Va\u0161i \u017eivoti za na\u0161a djetinjstva;\u00a0 I more pri\u010da o va\u0161oj hrabrosti; \u00a0Ravnica \u0107uti va\u0161e stope;\u00a0 Planinom odzvanja jeka va\u0161eg glasa;\u00a0 Preko kri\u017ea do zvijezda;\u00a0 Molitva za junaka;\u00a0 O lijepa, o draga, o slatka slobodo (I. Gunduli\u0107);\u00a0 Imam zemlju u jeziku, imam jezik u zemlji (P. Gudelj);\u00a0 Moja zemlja \u2013 ba\u0161tina ljepote;\u00a0 Lice Hrvatske;\u00a0 Putevima zavi\u010daja;\u00a0 Hrvatska za sva vremena (D. Britvi\u0107);\u00a0 \u010cuvajte mi Hrvatsku od niskosti i mr\u017enje (V. Gotovac)<\/em>.<\/p>\n<p><strong>U obzir se uzimaju i sve ostale teme nadahnute ljubavlju prema domovini.<\/strong><\/p>\n<p><strong>LIKOVNI RADOVI<\/strong><\/p>\n<ol>\n<li>Radovi mogu biti u svim likovnim tehnikama.<\/li>\n<li>Na pole\u0111ini svakoga rada treba navesti ime i prezime u\u010denika, razred, ime i prezime u\u010ditelja \u2013 voditelja, naziv i adresu \u0161kole te pe\u010dat \u0161kole.<\/li>\n<\/ol>\n<p><strong>TEME:<\/strong> <em>Srce za Hrvatsku;\u00a0 Preko kri\u017ea do zvijezda;\u00a0 Moja zemlja \u2013 ba\u0161tina ljepote;\u00a0 Lice Hrvatske;\u00a0 Pogled u zavi\u010daj;\u00a0 Putevima pro\u0161losti;\u00a0 Stare slave djedovino<\/em>&#8230;.<\/p>\n<p><strong>U obzir se uzimaju i svi ostali motivi nadahnuti ljepotom i ljubavlju prema domovini (tradicija, kultura, povijest&#8230;).<\/strong><\/p>\n<p>\u0160kole mogu sudjelovati s najvi\u0161e s pet radova po kategoriji. <u>Uz radove obvezno je navesti slu\u017ebenu e-adresu \u0161kole. <\/u><\/p>\n<p><strong>Radove treba poslati do 15. studenoga 2025. godine<\/strong> na adresu:<\/p>\n<p>Osnovna \u0161kola \u201eStjepan Radi\u0107\u201c, Imotski<\/p>\n<p>(za 7. natje\u010daj <em>Srce za Hrvatsku<\/em>)<\/p>\n<p>Fra Stjepana Vrlji\u0107a 13<\/p>\n<p>21260 Imotski<\/p>\n<p><em>Radovi poslani na Natje\u010daj ne vra\u0107aju se.<\/em><\/p>\n<p><strong>Prema odluci stru\u010dnoga povjerenstva (literarnoga i likovnoga) nagradit \u0107e se najbolji likovni i literarni radovi u kategoriji:<\/strong><\/p>\n<p><strong>&#8211; od 1. do 4. razreda, <\/strong><\/p>\n<p><strong>&#8211; od 5. do 8. razreda, <\/strong><\/p>\n<p><strong>&#8211; u\u010denici s TUR-om (od 1. do 8. razreda) <\/strong><\/p>\n<p><strong>&#8211; u\u010denici hrvatske nastave\u00a0 u\u00a0 inozemstvu (od 1. do 8. razreda) . <\/strong><\/p>\n<p><strong>Svi sudionici Natje\u010daja (u\u010denici i mentori) dobit \u0107e zahvalnicu na slu\u017ebenu e-adresu \u0161kole, a prvonagra\u0111ene \u0107e organizator obavijestiti o sve\u010danoj dodjeli nagrada. <\/strong><\/p>\n<p><strong>Rezultati Natje\u010daja bit \u0107e objavljeni na slu\u017ebenoj stranici \u0161kole do 24. studenoga 2025.<\/strong><\/p>\n<p><strong>\u00a0<\/strong><\/p>\n<p>Povjerenstvo za organizaciju Natje\u010daja:<\/p>\n<p>Ravnatelj \u0161kole Marko Mende\u0161, prof.<\/p>\n<p>Profesorica hrvatskoga jezika Sanja Bago<\/p>\n<p>Stru\u010dna suradnica knji\u017eni\u010darka Marijana Jelini\u0107 Pezo, prof. i dipl. knji\u017e.<\/p>\n<p>[\/et_pb_accordion_item][\/et_pb_accordion][\/et_pb_column][\/et_pb_row][et_pb_row column_structure=&#8221;1_2,1_2&#8243; _builder_version=&#8221;4.25.0&#8243; _module_preset=&#8221;default&#8221; global_colors_info=&#8221;{}&#8221;][et_pb_column type=&#8221;1_2&#8243; _builder_version=&#8221;4.25.0&#8243; _module_preset=&#8221;default&#8221; global_colors_info=&#8221;{}&#8221;][et_pb_code _builder_version=&#8221;4.25.0&#8243; _module_preset=&#8221;default&#8221; global_colors_info=&#8221;{}&#8221;]<iframe loading=\"lazy\" width=\"760px\" height=\"500px\" src=\"https:\/\/sway.cloud.microsoft\/s\/qRXLpspvfg6OlIRl\/embed\" frameborder=\"0\" marginheight=\"0\" marginwidth=\"0\" scrolling=\"no\" style=\"border: none;max-width: 100%;max-height: 100vh\" allowfullscreen><\/iframe>[\/et_pb_code][\/et_pb_column][et_pb_column type=&#8221;1_2&#8243; _builder_version=&#8221;4.25.0&#8243; _module_preset=&#8221;default&#8221; global_colors_info=&#8221;{}&#8221;][et_pb_code _builder_version=&#8221;4.25.0&#8243; _module_preset=&#8221;default&#8221; global_colors_info=&#8221;{}&#8221;]<iframe loading=\"lazy\" width=\"760px\" height=\"500px\" src=\"https:\/\/sway.cloud.microsoft\/s\/Ujms6SNVJv1AwERj\/embed\" frameborder=\"0\" marginheight=\"0\" marginwidth=\"0\" scrolling=\"no\" style=\"border: none;max-width: 100%;max-height: 100vh\" allowfullscreen><\/iframe>[\/et_pb_code][\/et_pb_column][\/et_pb_row][et_pb_row column_structure=&#8221;1_2,1_2&#8243; _builder_version=&#8221;4.25.0&#8243; _module_preset=&#8221;default&#8221; global_colors_info=&#8221;{}&#8221;][et_pb_column type=&#8221;1_2&#8243; _builder_version=&#8221;4.25.0&#8243; _module_preset=&#8221;default&#8221; global_colors_info=&#8221;{}&#8221;][et_pb_code _builder_version=&#8221;4.25.0&#8243; _module_preset=&#8221;default&#8221; global_colors_info=&#8221;{}&#8221;]<iframe loading=\"lazy\" width=\"760px\" height=\"500px\" src=\"https:\/\/sway.cloud.microsoft\/s\/D22QK5G7NhEypZsR\/embed\" frameborder=\"0\" marginheight=\"0\" marginwidth=\"0\" scrolling=\"no\" style=\"border: none;max-width: 100%;max-height: 100vh\" allowfullscreen><\/iframe>[\/et_pb_code][\/et_pb_column][et_pb_column type=&#8221;1_2&#8243; _builder_version=&#8221;4.25.0&#8243; _module_preset=&#8221;default&#8221; global_colors_info=&#8221;{}&#8221;][et_pb_code _builder_version=&#8221;4.25.0&#8243; _module_preset=&#8221;default&#8221; global_colors_info=&#8221;{}&#8221;]<iframe loading=\"lazy\" width=\"760px\" height=\"500px\" src=\"https:\/\/sway.cloud.microsoft\/s\/LcHN7K8bnvPMqNvq\/embed\" frameborder=\"0\" marginheight=\"0\" marginwidth=\"0\" scrolling=\"no\" style=\"border: none;max-width: 100%;max-height: 100vh\" allowfullscreen><\/iframe>[\/et_pb_code][\/et_pb_column][\/et_pb_row][\/et_pb_section][et_pb_section fb_built=&#8221;1&#8243; admin_label=&#8221;Page Footer&#8221; _builder_version=&#8221;4.22.1&#8243; _module_preset=&#8221;default&#8221; background_color=&#8221;gcid-4db76418-c7ee-4f83-9722-bdc8c8e1aa72&#8243; background_image=&#8221;https:\/\/os-sradic-im.skole.hr\/wp-content\/uploads\/sites\/1345\/2023\/09\/online-classroom-20-1.jpg&#8221; global_colors_info=&#8221;{%22gcid-4db76418-c7ee-4f83-9722-bdc8c8e1aa72%22:%91%22background_color%22%93}&#8221;][et_pb_row column_structure=&#8221;1_4,1_4,1_4,1_4&#8243; _builder_version=&#8221;4.22.0&#8243; _module_preset=&#8221;default&#8221; global_colors_info=&#8221;{}&#8221;][et_pb_column type=&#8221;1_4&#8243; _builder_version=&#8221;4.22.0&#8243; _module_preset=&#8221;default&#8221; global_colors_info=&#8221;{}&#8221;][et_pb_text admin_label=&#8221;Adresa&#8221; _builder_version=&#8221;4.25.0&#8243; _module_preset=&#8221;default&#8221; text_text_color=&#8221;gcid-99d7e98e-f11f-4a9a-9009-dd43260d6fd1&#8243; text_font_size=&#8221;14px&#8221; link_text_color=&#8221;gcid-96ff5bf3-a29c-4c52-8f29-723075999522&#8243; header_2_text_color=&#8221;gcid-99d7e98e-f11f-4a9a-9009-dd43260d6fd1&#8243; header_2_font_size=&#8221;28px&#8221; link_text_shadow_style=&#8221;preset4&#8243; header_2_text_shadow_style=&#8221;preset2&#8243; global_colors_info=&#8221;%91%93&#8243;]<\/p>\n<h2>Adresa \u0161kole<\/h2>\n<p>Fra Stjepana Vrlji\u0107a 13<\/p>\n<p>21260 Imotski<\/p>\n<p><iframe loading=\"lazy\" src=\"https:\/\/www.google.com\/maps\/embed?pb=!1m18!1m12!1m3!1d2896.6819333409244!2d17.211460611617987!3d43.44635846566394!2m3!1f0!2f0!3f0!3m2!1i1024!2i768!4f13.1!3m3!1m2!1s0x134adebe81b25553%3A0x799e273ebf9a8a9c!2sElementary%20school%20%22Stjepan%20Radic%22%20Imotski!5e0!3m2!1sen!2shr!4v1726009145518!5m2!1sen!2shr\" width=\"250\" height=\"250\" style=\"border: 0\" allowfullscreen=\"\"><\/iframe><\/p>\n<p>[\/et_pb_text][\/et_pb_column][et_pb_column type=&#8221;1_4&#8243; _builder_version=&#8221;4.20.4&#8243; _module_preset=&#8221;default&#8221; global_colors_info=&#8221;{}&#8221;][et_pb_text admin_label=&#8221;Kontakt&#8221; _builder_version=&#8221;4.25.0&#8243; _module_preset=&#8221;default&#8221; text_text_color=&#8221;gcid-99d7e98e-f11f-4a9a-9009-dd43260d6fd1&#8243; text_font_size=&#8221;14px&#8221; link_text_color=&#8221;gcid-96ff5bf3-a29c-4c52-8f29-723075999522&#8243; header_2_text_color=&#8221;gcid-99d7e98e-f11f-4a9a-9009-dd43260d6fd1&#8243; header_2_font_size=&#8221;28px&#8221; custom_padding=&#8221;||0px|||&#8221; link_text_shadow_style=&#8221;preset4&#8243; header_2_text_shadow_style=&#8221;preset2&#8243; global_colors_info=&#8221;%91%93&#8243;]<\/p>\n<h2>Kontakt<\/h2>\n<p>021\/841-107<\/p>\n<p><a href=\"mailto:ured@os-sradic-im.skole.hr\">ured@os-sradic-im.skole.hr<\/a><\/p>\n<p>&nbsp;<\/p>\n<p>[\/et_pb_text][\/et_pb_column][et_pb_column type=&#8221;1_4&#8243; _builder_version=&#8221;4.20.4&#8243; _module_preset=&#8221;default&#8221; global_colors_info=&#8221;{}&#8221;][et_pb_text admin_label=&#8221;Linkovi&#8221; _builder_version=&#8221;4.22.0&#8243; _module_preset=&#8221;default&#8221; text_text_color=&#8221;gcid-99d7e98e-f11f-4a9a-9009-dd43260d6fd1&#8243; text_font_size=&#8221;14px&#8221; link_text_color=&#8221;gcid-96ff5bf3-a29c-4c52-8f29-723075999522&#8243; header_2_text_color=&#8221;gcid-99d7e98e-f11f-4a9a-9009-dd43260d6fd1&#8243; header_2_font_size=&#8221;28px&#8221; link_text_shadow_style=&#8221;preset4&#8243; header_2_text_shadow_style=&#8221;preset2&#8243; global_colors_info=&#8221;%91%93&#8243;]<\/p>\n<h2>Korisni linkovi<\/h2>\n<ul>\n<li><a href=\"https:\/\/mzo.gov.hr\">Ministarstvo znanosti i obrazovanja<\/a><\/li>\n<li><a href=\"https:\/\/www.carnet.hr\">CARNET<\/a><\/li>\n<li><a href=\"https:\/\/www.carnet.hr\/sluzba-za-podrsku-korisnicima\">CARNET Helpdesk za \u0161kole<\/a><\/li>\n<li><a href=\"https:\/\/www.skole.hr\">Portal za \u0161kole<\/a><\/li>\n<li><a href=\"https:\/\/edutorij.e-skole.hr\">Edutorij<\/a><\/li>\n<li><a href=\"https:\/\/ocjene.skole.hr\">e-Dnevnik za roditelje i u\u010denike<\/a><\/li>\n<\/ul>\n<p>[\/et_pb_text][\/et_pb_column][et_pb_column type=&#8221;1_4&#8243; _builder_version=&#8221;4.20.4&#8243; _module_preset=&#8221;default&#8221; global_colors_info=&#8221;{}&#8221;][et_pb_text admin_label=&#8221;Zapratite&#8221; _builder_version=&#8221;4.20.4&#8243; _module_preset=&#8221;default&#8221; text_text_color=&#8221;gcid-99d7e98e-f11f-4a9a-9009-dd43260d6fd1&#8243; text_font_size=&#8221;14px&#8221; link_text_color=&#8221;gcid-96ff5bf3-a29c-4c52-8f29-723075999522&#8243; header_2_text_color=&#8221;gcid-99d7e98e-f11f-4a9a-9009-dd43260d6fd1&#8243; header_2_font_size=&#8221;28px&#8221; custom_margin=&#8221;||1px|||&#8221; link_text_shadow_style=&#8221;preset4&#8243; header_2_text_shadow_style=&#8221;preset2&#8243; global_colors_info=&#8221;%91%93&#8243;]<\/p>\n<h2 style=\"text-align: center\">Zapratite nas<\/h2>\n<p>[\/et_pb_text][et_pb_social_media_follow use_icon_font_size=&#8221;on&#8221; icon_font_size=&#8221;13px&#8221; _builder_version=&#8221;4.25.0&#8243; _module_preset=&#8221;default&#8221; text_orientation=&#8221;center&#8221; global_colors_info=&#8221;{}&#8221;][et_pb_social_media_follow_network social_network=&#8221;youtube&#8221; url=&#8221;https:\/\/www.youtube.com\/channel\/UCFz7pM0BKX86gX7hQ1IrFYA&#8221; _builder_version=&#8221;4.25.0&#8243; _module_preset=&#8221;default&#8221; background_color=&#8221;#a82400&#8243; global_colors_info=&#8221;{}&#8221; follow_button=&#8221;off&#8221; url_new_window=&#8221;on&#8221;]youtube[\/et_pb_social_media_follow_network][\/et_pb_social_media_follow][\/et_pb_column][\/et_pb_row][\/et_pb_section][et_pb_section fb_built=&#8221;1&#8243; admin_label=&#8221;EU footer&#8221; _builder_version=&#8221;4.18.0&#8243; _module_preset=&#8221;default&#8221; min_height=&#8221;122px&#8221; custom_padding=&#8221;9px||20px|||&#8221; global_colors_info=&#8221;{}&#8221;][et_pb_row column_structure=&#8221;1_5,1_5,1_5,1_5,1_5&#8243; make_equal=&#8221;on&#8221; custom_padding_last_edited=&#8221;off|desktop&#8221; admin_label=&#8221;Logotipovi&#8221; _builder_version=&#8221;4.22.0&#8243; _module_preset=&#8221;default&#8221; positioning=&#8221;none&#8221; max_width=&#8221;1024px&#8221; custom_css_main_element=&#8221;align-items: center;&#8221; global_colors_info=&#8221;{}&#8221; custom_css_main_element_last_edited=&#8221;on|desktop&#8221; custom_css_main_element_tablet=&#8221;align-items: center;&#8221; custom_css_main_element_phone=&#8221;align-items: center;&#8221;][et_pb_column type=&#8221;1_5&#8243; _builder_version=&#8221;4.22.0&#8243; _module_preset=&#8221;default&#8221; custom_padding_tablet=&#8221;&#8221; custom_padding_phone=&#8221;&#8221; custom_padding_last_edited=&#8221;on|phone&#8221; global_colors_info=&#8221;{}&#8221; custom_css_main_element_last_edited=&#8221;on|desktop&#8221;][et_pb_image src=&#8221;https:\/\/os-sradic-im.skole.hr\/wp-content\/uploads\/sites\/1345\/2023\/08\/carnet.svg&#8221; title_text=&#8221;carnet&#8221; url=&#8221;https:\/\/www.carnet.hr\/&#8221; url_new_window=&#8221;on&#8221; align=&#8221;center&#8221; align_tablet=&#8221;center&#8221; align_phone=&#8221;&#8221; align_last_edited=&#8221;on|desktop&#8221; admin_label=&#8221;CARNET&#8221; _builder_version=&#8221;4.22.0&#8243; _module_preset=&#8221;default&#8221; max_width=&#8221;130px&#8221; max_width_tablet=&#8221;130px&#8221; max_width_phone=&#8221;130px&#8221; max_width_last_edited=&#8221;on|phone&#8221; module_alignment=&#8221;center&#8221; global_colors_info=&#8221;%91%93&#8243;][\/et_pb_image][\/et_pb_column][et_pb_column type=&#8221;1_5&#8243; _builder_version=&#8221;4.22.0&#8243; _module_preset=&#8221;default&#8221; custom_padding_tablet=&#8221;&#8221; custom_padding_phone=&#8221;&#8221; custom_padding_last_edited=&#8221;on|phone&#8221; global_colors_info=&#8221;{}&#8221;][et_pb_image src=&#8221;https:\/\/os-sradic-im.skole.hr\/wp-content\/uploads\/sites\/1345\/2023\/08\/eu.svg&#8221; title_text=&#8221;eu&#8221; url=&#8221;https:\/\/european-union.europa.eu\/index_hr&#8221; url_new_window=&#8221;on&#8221; align=&#8221;center&#8221; align_tablet=&#8221;center&#8221; align_phone=&#8221;&#8221; align_last_edited=&#8221;on|desktop&#8221; admin_label=&#8221;EU&#8221; _builder_version=&#8221;4.22.0&#8243; _module_preset=&#8221;default&#8221; max_width=&#8221;90px&#8221; max_width_tablet=&#8221;90px&#8221; max_width_phone=&#8221;90px&#8221; max_width_last_edited=&#8221;on|desktop&#8221; global_colors_info=&#8221;%91%93&#8243;][\/et_pb_image][\/et_pb_column][et_pb_column type=&#8221;1_5&#8243; _builder_version=&#8221;4.22.0&#8243; _module_preset=&#8221;default&#8221; custom_padding_tablet=&#8221;&#8221; custom_padding_phone=&#8221;&#8221; custom_padding_last_edited=&#8221;on|desktop&#8221; global_colors_info=&#8221;{}&#8221;][et_pb_image src=&#8221;https:\/\/os-sradic-im.skole.hr\/wp-content\/uploads\/sites\/1345\/2023\/08\/eu-fondovi.svg&#8221; title_text=&#8221;eu-fondovi&#8221; url=&#8221;https:\/\/strukturnifondovi.hr\/&#8221; url_new_window=&#8221;on&#8221; align=&#8221;center&#8221; align_tablet=&#8221;center&#8221; align_phone=&#8221;&#8221; align_last_edited=&#8221;on|desktop&#8221; admin_label=&#8221;Fondovi&#8221; _builder_version=&#8221;4.22.0&#8243; _module_preset=&#8221;default&#8221; max_width=&#8221;160px&#8221; max_width_tablet=&#8221;160px&#8221; max_width_phone=&#8221;160px&#8221; max_width_last_edited=&#8221;on|desktop&#8221; global_colors_info=&#8221;%91%93&#8243;][\/et_pb_image][\/et_pb_column][et_pb_column type=&#8221;1_5&#8243; _builder_version=&#8221;4.22.0&#8243; _module_preset=&#8221;default&#8221; custom_padding_tablet=&#8221;&#8221; custom_padding_phone=&#8221;&#8221; custom_padding_last_edited=&#8221;on|phone&#8221; global_colors_info=&#8221;{}&#8221;][et_pb_image src=&#8221;https:\/\/os-sradic-im.skole.hr\/wp-content\/uploads\/sites\/1345\/2023\/08\/eu-potencijal.svg&#8221; title_text=&#8221;eu-potencijal&#8221; url=&#8221;https:\/\/www.esf.hr\/&#8221; url_new_window=&#8221;on&#8221; align=&#8221;center&#8221; align_tablet=&#8221;center&#8221; align_phone=&#8221;&#8221; align_last_edited=&#8221;on|desktop&#8221; admin_label=&#8221;Potencijali&#8221; _builder_version=&#8221;4.22.0&#8243; _module_preset=&#8221;default&#8221; max_width=&#8221;70px&#8221; max_width_tablet=&#8221;70px&#8221; max_width_phone=&#8221;70px&#8221; max_width_last_edited=&#8221;on|phone&#8221; global_colors_info=&#8221;%91%93&#8243;][\/et_pb_image][\/et_pb_column][et_pb_column type=&#8221;1_5&#8243; _builder_version=&#8221;4.22.0&#8243; _module_preset=&#8221;default&#8221; custom_padding_tablet=&#8221;&#8221; custom_padding_phone=&#8221;&#8221; custom_padding_last_edited=&#8221;on|phone&#8221; global_colors_info=&#8221;{}&#8221;][et_pb_image src=&#8221;https:\/\/os-sradic-im.skole.hr\/wp-content\/uploads\/sites\/1345\/2023\/08\/eu-konkurentnost.svg&#8221; title_text=&#8221;eu-konkurentnost&#8221; url=&#8221;https:\/\/strukturnifondovi.hr\/eu-fondovi\/esi-fondovi-2014-2020\/op-konkurentnost-i-kohezija\/&#8221; url_new_window=&#8221;on&#8221; align=&#8221;center&#8221; align_tablet=&#8221;center&#8221; align_phone=&#8221;&#8221; align_last_edited=&#8221;on|desktop&#8221; admin_label=&#8221;Konkurentnost&#8221; _builder_version=&#8221;4.22.0&#8243; _module_preset=&#8221;default&#8221; max_width=&#8221;140px&#8221; max_width_tablet=&#8221;140px&#8221; max_width_phone=&#8221;140px&#8221; max_width_last_edited=&#8221;on|phone&#8221; global_colors_info=&#8221;%91%93&#8243;][\/et_pb_image][\/et_pb_column][\/et_pb_row][et_pb_row admin_label=&#8221;Row&#8221; _builder_version=&#8221;4.20.0&#8243; _module_preset=&#8221;default&#8221; global_colors_info=&#8221;{}&#8221;][et_pb_column type=&#8221;4_4&#8243; _builder_version=&#8221;4.20.0&#8243; _module_preset=&#8221;default&#8221; global_colors_info=&#8221;{}&#8221;][et_pb_text _builder_version=&#8221;4.22.0&#8243; _module_preset=&#8221;default&#8221; text_text_color=&#8221;#B7B7B7&#8243; text_orientation=&#8221;center&#8221; global_colors_info=&#8221;{}&#8221;]<\/p>\n<p>Izradu ove mre\u017ene stranice sufinancirala je Europska unija iz europskih strukturnih i investicijskih fondova.<\/p>\n<p>[\/et_pb_text][\/et_pb_column][\/et_pb_row][\/et_pb_section]<\/p>\n","protected":false},"excerpt":{"rendered":"<p>ME\u0110UNARODNI LITERARNO-LIKOVNI NATJE\u010cAJ \u201eVelimir \u0110erek Sokol\u201c \u2013 Srce za Hrvatsku &nbsp; Osnovna \u0161kola \u201eStjepan Radi\u0107\u201c, Imotski uz pozitivno stru\u010dno mi\u0161ljenje Agencije za odgoj i obrazovanje, suglasnost Ministarstva znanosti i obrazovanja te stru\u010dnu potporu Memorijalno-dokumentacijskoga centra Domovinskog rata organizira Me\u0111unarodni literarno-likovni natje\u010daj \u201eVelimir \u0110erek Sokol\u201c \u2013 Srce za Hrvatsku za u\u010denike osnovnih \u0161kola Republike Hrvatske i [&hellip;]<\/p>\n","protected":false},"author":2840,"featured_media":0,"parent":0,"menu_order":0,"comment_status":"closed","ping_status":"closed","template":"","meta":{"_et_pb_use_builder":"on","_et_pb_old_content":"","_et_gb_content_width":"","footnotes":""},"class_list":["post-293241","page","type-page","status-publish","hentry"],"_links":{"self":[{"href":"https:\/\/os-sradic-im.skole.hr\/index.php?rest_route=\/wp\/v2\/pages\/293241","targetHints":{"allow":["GET"]}}],"collection":[{"href":"https:\/\/os-sradic-im.skole.hr\/index.php?rest_route=\/wp\/v2\/pages"}],"about":[{"href":"https:\/\/os-sradic-im.skole.hr\/index.php?rest_route=\/wp\/v2\/types\/page"}],"author":[{"embeddable":true,"href":"https:\/\/os-sradic-im.skole.hr\/index.php?rest_route=\/wp\/v2\/users\/2840"}],"replies":[{"embeddable":true,"href":"https:\/\/os-sradic-im.skole.hr\/index.php?rest_route=%2Fwp%2Fv2%2Fcomments&post=293241"}],"version-history":[{"count":8,"href":"https:\/\/os-sradic-im.skole.hr\/index.php?rest_route=\/wp\/v2\/pages\/293241\/revisions"}],"predecessor-version":[{"id":298701,"href":"https:\/\/os-sradic-im.skole.hr\/index.php?rest_route=\/wp\/v2\/pages\/293241\/revisions\/298701"}],"wp:attachment":[{"href":"https:\/\/os-sradic-im.skole.hr\/index.php?rest_route=%2Fwp%2Fv2%2Fmedia&parent=293241"}],"curies":[{"name":"wp","href":"https:\/\/api.w.org\/{rel}","templated":true}]}}