{"id":292917,"date":"2024-09-11T00:24:50","date_gmt":"2024-09-10T22:24:50","guid":{"rendered":"https:\/\/os-sradic-im.skole.hr\/?page_id=292917"},"modified":"2025-10-31T12:31:40","modified_gmt":"2025-10-31T11:31:40","slug":"kutak-za-ucitelje","status":"publish","type":"page","link":"https:\/\/os-sradic-im.skole.hr\/?page_id=292917","title":{"rendered":"Kutak za u\u010ditelje"},"content":{"rendered":"<p>[et_pb_section fb_built=&#8221;1&#8243; _builder_version=&#8221;4.25.0&#8243; _module_preset=&#8221;default&#8221; background_enable_pattern_style=&#8221;on&#8221; global_colors_info=&#8221;{}&#8221;][et_pb_row _builder_version=&#8221;4.25.0&#8243; _module_preset=&#8221;default&#8221; global_colors_info=&#8221;{}&#8221;][et_pb_column type=&#8221;4_4&#8243; _builder_version=&#8221;4.25.0&#8243; _module_preset=&#8221;default&#8221; global_colors_info=&#8221;{}&#8221;][et_pb_accordion _builder_version=&#8221;4.25.0&#8243; _module_preset=&#8221;default&#8221; toggle_level=&#8221;h3&#8243; hover_enabled=&#8221;0&#8243; global_colors_info=&#8221;{}&#8221; sticky_enabled=&#8221;0&#8243;][et_pb_accordion_item title=&#8221;Dokumenti&#8221; open=&#8221;on&#8221; _builder_version=&#8221;4.25.0&#8243; _module_preset=&#8221;default&#8221; hover_enabled=&#8221;0&#8243; global_colors_info=&#8221;{}&#8221; sticky_enabled=&#8221;0&#8243;]<\/p>\n<p>Protokol postupanja i komunikacije za ja\u010danje me\u0111uresorne suradnje u provedbi politike usmjerene na mentalno zdravlje <a href=\"https:\/\/zdravlje.gov.hr\/UserDocsImages\/2025_Objave\/Protokol%20postupanja%20i%20komunikacije%20za%20jacanje%20meduresorne%20suradnje.pdf\">https:\/\/zdravlje.gov.hr\/UserDocsImages\/2025_Objave\/Protokol%20postupanja%20i%20komunikacije%20za%20jacanje%20meduresorne%20suradnje.pdf<\/a><\/p>\n<p>Pravilnik o na\u010dinu postupanja odgojno-obrazovnih radnika \u0161kolskih ustanova u poduzimanju mjera za\u0161tite prava u\u010denika te prijave svakog kr\u0161enja tih prava nadle\u017enim tijelima &#8211; <a href=\"#top\"><\/a><a href=\"https:\/\/narodne-novine.nn.hr\/clanci\/sluzbeni\/2013_11_132_2874.html\">https:\/\/narodne-novine.nn.hr\/clanci\/sluzbeni\/2013_11_132_2874.html<\/a><\/p>\n<p><a href=\"https:\/\/os-sradic-im.skole.hr\/wp-content\/uploads\/sites\/1345\/2025\/02\/Protokol-o-postupanju-u-slucaju-nasilja-medu-djecom-i-mladima.pdf\" rel=\"attachment wp-att-296295\">Protokol o postupanju u slu\u010daju nasilja me\u0111u djecom i mladima<\/a><\/p>\n<p><a href=\"https:\/\/os-sradic-im.skole.hr\/wp-content\/uploads\/sites\/1345\/2024\/09\/pravilnik-o-vrednovanju-komparativni-prikaz-\u2013-kopija.pdf\" rel=\"attachment wp-att-292956\">pravilnik-o-vrednovanju-komparativni-prikaz \u2013 kopija<\/a><\/p>\n<p><a href=\"https:\/\/os-sradic-im.skole.hr\/wp-content\/uploads\/sites\/1345\/2024\/09\/Protokol-o-postupanju-u-slucaju-seksualnog-nasilja-\u2013-kopija.pdf\" rel=\"attachment wp-att-292959\">Protokol-o-postupanju-u-slucaju-seksualnog-nasilja \u2013 kopija<\/a><\/p>\n<p><a href=\"https:\/\/os-sradic-im.skole.hr\/wp-content\/uploads\/sites\/1345\/2024\/09\/Cjenik_servisa_skolskih_tableta.pdf\" rel=\"attachment wp-att-292968\">Cjenik_servisa_skolskih_tableta<\/a><\/p>\n<p><a href=\"https:\/\/os-sradic-im.skole.hr\/wp-content\/uploads\/sites\/1345\/2024\/09\/Evidencija_radnog_vremena_2024.doc\" rel=\"attachment wp-att-292947\">Evidencija_radnog_vremena_2024<\/a><a href=\"https:\/\/os-sradic-im.skole.hr\/wp-content\/uploads\/sites\/1345\/2024\/09\/Izvjesce_sa_sluzbenog_putovanja.doc\" rel=\"attachment wp-att-292950\"><\/a><\/p>\n<p><a href=\"https:\/\/os-sradic-im.skole.hr\/wp-content\/uploads\/sites\/1345\/2024\/09\/Izvjesce_sa_sluzbenog_putovanja.doc\" rel=\"attachment wp-att-292950\">Izvjesce_sa_sluzbenog_putovanja<\/a><\/p>\n<p><a href=\"https:\/\/os-sradic-im.skole.hr\/wp-content\/uploads\/sites\/1345\/2024\/09\/Pravilnik_o_kucnom_redu_OS_Stjepan_Radic_Imotski.pdf\" rel=\"attachment wp-att-292953\">Pravilnik_o_kucnom_redu_OS_Stjepan_Radic_Imotski<\/a><\/p>\n<p><a href=\"https:\/\/os-sradic-im.skole.hr\/wp-content\/uploads\/sites\/1345\/2025\/10\/Zakon-o-odgoju-i-obrazovanju-u-osnovnoj-i-srednjoj-skoli-procisceni-tekst-2024.-godina.docx\" rel=\"attachment wp-att-299382\">Zakon o odgoju i obrazovanju u osnovnoj i srednjoj \u0161koli &#8211; pro\u010di\u0161\u0107eni tekst 2024. godina<\/a><\/p>\n<p>[\/et_pb_accordion_item][\/et_pb_accordion][et_pb_accordion _builder_version=&#8221;4.25.0&#8243; _module_preset=&#8221;default&#8221; global_colors_info=&#8221;{}&#8221;][et_pb_accordion_item title=&#8221;U\u010denici s TUR&#8221; open=&#8221;on&#8221; _builder_version=&#8221;4.25.0&#8243; _module_preset=&#8221;default&#8221; global_colors_info=&#8221;{}&#8221; toggle_level=&#8221;h3&#8243;]<\/p>\n<p><a href=\"https:\/\/os-sradic-im.skole.hr\/wp-content\/uploads\/sites\/1345\/2024\/09\/LISTA_PROCJENE_OSOBITOSTI_SKOLSKOG_UCENJA.doc\" rel=\"attachment wp-att-292983\">LISTA_PROCJENE_OSOBITOSTI_SKOLSKOG_UCENJA<\/a><\/p>\n<p><a href=\"https:\/\/os-sradic-im.skole.hr\/wp-content\/uploads\/sites\/1345\/2024\/09\/Obrazac_za_individualizirani_pristup_redoviti_program_uz_individualizirane_postupke.docx\" rel=\"attachment wp-att-292986\">Obrazac_za_individualizirani_pristup_(redoviti_program_uz_individualizirane_postupke<\/a><\/p>\n<p><a href=\"https:\/\/os-sradic-im.skole.hr\/wp-content\/uploads\/sites\/1345\/2024\/09\/Obrazac_za_prilago_eni_program_redoviti_program_uz_prilagodbu_sadrzaja_i_individualizirane_postupke.docx\" rel=\"attachment wp-att-292989\">Obrazac_za_prilago_eni_program_(redoviti_program_uz_prilagodbu_sadrzaja_i_individualizirane_postupke<\/a><\/p>\n<p><a href=\"https:\/\/os-sradic-im.skole.hr\/wp-content\/uploads\/sites\/1345\/2024\/09\/Smjernice_za_rad_s_ucenicima_s_teskocama.pdf\" rel=\"attachment wp-att-292992\">Smjernice_za_rad_s_ucenicima_s_teskocama<\/a> <a href=\"https:\/\/os-sradic-im.skole.hr\/wp-content\/uploads\/sites\/1345\/2024\/09\/Strategije_podrske.docx\" rel=\"attachment wp-att-292995\"><\/a><\/p>\n<p><a href=\"https:\/\/os-sradic-im.skole.hr\/wp-content\/uploads\/sites\/1345\/2024\/09\/Strategije_podrske.docx\" rel=\"attachment wp-att-292995\">Strategije_podrske<\/a><\/p>\n<p>[\/et_pb_accordion_item][\/et_pb_accordion][\/et_pb_column][\/et_pb_row][\/et_pb_section]<\/p>\n","protected":false},"excerpt":{"rendered":"<p>Protokol postupanja i komunikacije za ja\u010danje me\u0111uresorne suradnje u provedbi politike usmjerene na mentalno zdravlje https:\/\/zdravlje.gov.hr\/UserDocsImages\/2025_Objave\/Protokol%20postupanja%20i%20komunikacije%20za%20jacanje%20meduresorne%20suradnje.pdf Pravilnik o na\u010dinu postupanja odgojno-obrazovnih radnika \u0161kolskih ustanova u poduzimanju mjera za\u0161tite prava u\u010denika te prijave svakog kr\u0161enja tih prava nadle\u017enim tijelima &#8211; https:\/\/narodne-novine.nn.hr\/clanci\/sluzbeni\/2013_11_132_2874.html Protokol o postupanju u slu\u010daju nasilja me\u0111u djecom i mladima pravilnik-o-vrednovanju-komparativni-prikaz \u2013 kopija Protokol-o-postupanju-u-slucaju-seksualnog-nasilja \u2013 [&hellip;]<\/p>\n","protected":false},"author":1423,"featured_media":0,"parent":0,"menu_order":0,"comment_status":"closed","ping_status":"closed","template":"","meta":{"_et_pb_use_builder":"on","_et_pb_old_content":"","_et_gb_content_width":"","footnotes":""},"class_list":["post-292917","page","type-page","status-publish","hentry"],"_links":{"self":[{"href":"https:\/\/os-sradic-im.skole.hr\/index.php?rest_route=\/wp\/v2\/pages\/292917","targetHints":{"allow":["GET"]}}],"collection":[{"href":"https:\/\/os-sradic-im.skole.hr\/index.php?rest_route=\/wp\/v2\/pages"}],"about":[{"href":"https:\/\/os-sradic-im.skole.hr\/index.php?rest_route=\/wp\/v2\/types\/page"}],"author":[{"embeddable":true,"href":"https:\/\/os-sradic-im.skole.hr\/index.php?rest_route=\/wp\/v2\/users\/1423"}],"replies":[{"embeddable":true,"href":"https:\/\/os-sradic-im.skole.hr\/index.php?rest_route=%2Fwp%2Fv2%2Fcomments&post=292917"}],"version-history":[{"count":12,"href":"https:\/\/os-sradic-im.skole.hr\/index.php?rest_route=\/wp\/v2\/pages\/292917\/revisions"}],"predecessor-version":[{"id":299388,"href":"https:\/\/os-sradic-im.skole.hr\/index.php?rest_route=\/wp\/v2\/pages\/292917\/revisions\/299388"}],"wp:attachment":[{"href":"https:\/\/os-sradic-im.skole.hr\/index.php?rest_route=%2Fwp%2Fv2%2Fmedia&parent=292917"}],"curies":[{"name":"wp","href":"https:\/\/api.w.org\/{rel}","templated":true}]}}