{"id":140,"date":"2023-07-28T22:11:34","date_gmt":"2023-07-28T20:11:34","guid":{"rendered":"https:\/\/os-sradic-im.skole.hr\/?page_id=140"},"modified":"2026-02-19T09:31:43","modified_gmt":"2026-02-19T08:31:43","slug":"javni-pozivi","status":"publish","type":"page","link":"https:\/\/os-sradic-im.skole.hr\/?page_id=140","title":{"rendered":"Javni pozivi"},"content":{"rendered":"<p>[et_pb_section fb_built=&#8221;1&#8243; _builder_version=&#8221;4.25.0&#8243; _module_preset=&#8221;default&#8221; global_colors_info=&#8221;{}&#8221;][et_pb_row _builder_version=&#8221;4.25.0&#8243; _module_preset=&#8221;default&#8221; global_colors_info=&#8221;{}&#8221;][et_pb_column type=&#8221;4_4&#8243; _builder_version=&#8221;4.25.0&#8243; _module_preset=&#8221;default&#8221; global_colors_info=&#8221;{}&#8221;][et_pb_accordion _builder_version=&#8221;4.25.0&#8243; _module_preset=&#8221;default&#8221; hover_enabled=&#8221;0&#8243; sticky_enabled=&#8221;0&#8243;][et_pb_accordion_item title=&#8221;Odluka o odabiru ponuditelja za realizaciju vi\u0161ednevne izvanu\u010dioni\u010dke nastave u\u010denika sedmih razreda u \u0161kolskoj godini 2025.\/2026.   &#8221; _builder_version=&#8221;4.25.0&#8243; _module_preset=&#8221;default&#8221; open=&#8221;on&#8221; hover_enabled=&#8221;0&#8243; sticky_enabled=&#8221;0&#8243;]<\/p>\n<p><a href=\"https:\/\/os-sradic-im.skole.hr\/wp-content\/uploads\/sites\/1345\/2026\/02\/Odlukaoodabiruponuditelja-ekskurzija7.razredi.pdf\" rel=\"attachment wp-att-300900\">Odluka+o+odabiru+ponuditelja-ekskurzija+7.razredi<\/a><\/p>\n<p>18.2.2026.<\/p>\n<p>[\/et_pb_accordion_item][\/et_pb_accordion][et_pb_accordion _builder_version=&#8221;4.25.0&#8243; _module_preset=&#8221;default&#8221; hover_enabled=&#8221;0&#8243; sticky_enabled=&#8221;0&#8243;][et_pb_accordion_item title=&#8221;Odluka o odabiru ponuditelja za realizaciju vi\u0161ednevne izvanu\u010dioni\u010dke nastave u\u010denika osmih razreda u \u0161kolskoj godini 2025.\/2026.   &#8221; _builder_version=&#8221;4.25.0&#8243; _module_preset=&#8221;default&#8221; open=&#8221;on&#8221; hover_enabled=&#8221;0&#8243; sticky_enabled=&#8221;0&#8243;]<\/p>\n<p><a href=\"https:\/\/os-sradic-im.skole.hr\/wp-content\/uploads\/sites\/1345\/2026\/02\/Odlukaoodabiruponuditelja-ekskurzija8.razredi.pdf\" rel=\"attachment wp-att-300906\">Odluka+o+odabiru+ponuditelja-ekskurzija+8.razredi<\/a><\/p>\n<p>18.2.2026.<\/p>\n<p>[\/et_pb_accordion_item][\/et_pb_accordion][et_pb_accordion _builder_version=&#8221;4.25.0&#8243; _module_preset=&#8221;default&#8221; global_colors_info=&#8221;{}&#8221;][et_pb_accordion_item title=&#8221;Javni poziv za ekskurziju 7. razreda&#8221; open=&#8221;on&#8221; _builder_version=&#8221;4.25.0&#8243; _module_preset=&#8221;default&#8221; global_colors_info=&#8221;{}&#8221;]<\/p>\n<p><a href=\"https:\/\/os-sradic-im.skole.hr\/wp-content\/uploads\/sites\/1345\/2026\/01\/Ekskurzija-ucenika-7-razreda-2026-1-2.docx\" rel=\"attachment wp-att-300525\">Ekskurzija-ucenika-7-razreda-2026-1<\/a><\/p>\n<p>23.1.2026.<\/p>\n<p>[\/et_pb_accordion_item][\/et_pb_accordion][et_pb_accordion _builder_version=&#8221;4.25.0&#8243; _module_preset=&#8221;default&#8221; global_colors_info=&#8221;{}&#8221;][et_pb_accordion_item title=&#8221;Javni poziv za ekskurziju 8. razreda&#8221; open=&#8221;on&#8221; _builder_version=&#8221;4.25.0&#8243; _module_preset=&#8221;default&#8221; global_colors_info=&#8221;{}&#8221;]<\/p>\n<p><a href=\"https:\/\/os-sradic-im.skole.hr\/wp-content\/uploads\/sites\/1345\/2026\/01\/Ekskurzija-ucenika-8.-razreda-2026-2.docx\" rel=\"attachment wp-att-300537\">Ekskurzija u\u010denika 8. razreda 2026.<\/a><\/p>\n<p>23.1.2026.<\/p>\n<p>[\/et_pb_accordion_item][\/et_pb_accordion][et_pb_accordion _builder_version=&#8221;4.25.0&#8243; _module_preset=&#8221;default&#8221; global_colors_info=&#8221;{}&#8221;][et_pb_accordion_item title=&#8221;Odluka o poni\u0161tenju Javnog poziva 05-25&#8243; open=&#8221;on&#8221; _builder_version=&#8221;4.25.0&#8243; _module_preset=&#8221;default&#8221; global_colors_info=&#8221;{}&#8221;]<\/p>\n<p><a href=\"https:\/\/os-sradic-im.skole.hr\/wp-content\/uploads\/sites\/1345\/2026\/01\/Odluka-o-ponistenju-Javnog-poziva-za-visednevnu-skolsku-ekskurziju-uc.-8-razreda-br.-poziva-05-25.pdf\" rel=\"attachment wp-att-300480\">Odluka o poni\u0161tenju Javnog poziva za vi\u0161ednevnu \u0161kolsku ekskurziju u\u010d. 8 razreda br. poziva 05-25<\/a><\/p>\n<p>23.1.2026.<\/p>\n<p>[\/et_pb_accordion_item][\/et_pb_accordion][et_pb_accordion _builder_version=&#8221;4.25.0&#8243; _module_preset=&#8221;default&#8221; global_colors_info=&#8221;{}&#8221;][et_pb_accordion_item title=&#8221;Odluka o poni\u0161tenju Javnog poziva 04-25&#8243; open=&#8221;on&#8221; _builder_version=&#8221;4.25.0&#8243; _module_preset=&#8221;default&#8221; global_colors_info=&#8221;{}&#8221;]<\/p>\n<p><a href=\"https:\/\/os-sradic-im.skole.hr\/wp-content\/uploads\/sites\/1345\/2026\/01\/Odluka-o-ponistenju-Javnog-poziva-za-visednevnu-ekskurziju-uc.-7.-razreda-br.-poziva-04-25.pdf\" rel=\"attachment wp-att-300483\">Odluka o poni\u0161tenju Javnog poziva za vi\u0161ednevnu ekskurziju u\u010d. 7. razreda- br. poziva 04-25<\/a><\/p>\n<p>23.1.2026.<\/p>\n<p>[\/et_pb_accordion_item][\/et_pb_accordion][et_pb_accordion _builder_version=&#8221;4.25.0&#8243; _module_preset=&#8221;default&#8221; global_colors_info=&#8221;{}&#8221;][et_pb_accordion_item title=&#8221;Obrazac poziva za organizaciju u\u010deni\u010dke ekskurzije 2026. &#8211; 8. razredi&#8221; open=&#8221;on&#8221; _builder_version=&#8221;4.25.0&#8243; _module_preset=&#8221;default&#8221; global_colors_info=&#8221;{}&#8221;]<\/p>\n<p><a href=\"https:\/\/os-sradic-im.skole.hr\/wp-content\/uploads\/sites\/1345\/2025\/12\/Ekskurzija-ucenika-8.-razreda-2026.docx\" rel=\"attachment wp-att-300255\">Ekskurzija u\u010denika 8. razreda 2026<\/a><\/p>\n<p>19.12.2026.<\/p>\n<p>[\/et_pb_accordion_item][\/et_pb_accordion][et_pb_accordion _builder_version=&#8221;4.25.0&#8243; _module_preset=&#8221;default&#8221; global_colors_info=&#8221;{}&#8221;][et_pb_accordion_item title=&#8221;Obrazac poziva za organizaciju u\u010deni\u010dke ekskurzije 2026. &#8211; sedmi razredi&#8221; open=&#8221;on&#8221; _builder_version=&#8221;4.25.0&#8243; _module_preset=&#8221;default&#8221; global_colors_info=&#8221;{}&#8221;]<\/p>\n<p><a href=\"https:\/\/os-sradic-im.skole.hr\/wp-content\/uploads\/sites\/1345\/2025\/12\/Ekskurzija-ucenika-7-razreda-2026-1.docx\" rel=\"attachment wp-att-300243\">Ekskurzija u\u010denika 7 razreda 2026<\/a><a href=\"https:\/\/os-sradic-im.skole.hr\/wp-content\/uploads\/sites\/1345\/2025\/12\/Ekskurzija-ucenika-7-razreda-2026.docx\" rel=\"attachment wp-att-300174\"><\/a><\/p>\n<p>17.12.2025.<\/p>\n<p>[\/et_pb_accordion_item][\/et_pb_accordion][et_pb_accordion _builder_version=&#8221;4.25.0&#8243; _module_preset=&#8221;default&#8221; global_colors_info=&#8221;{}&#8221;][et_pb_accordion_item title=&#8221;OBRAZAC POZIVA ZA ORGANIZACIJU VI\u0160EDNEVNE TERENSKE NASTAVE U 2026.&#8221; open=&#8221;on&#8221; _builder_version=&#8221;4.25.0&#8243; _module_preset=&#8221;default&#8221; global_colors_info=&#8221;{}&#8221;]<\/p>\n<p><a href=\"https:\/\/os-sradic-im.skole.hr\/wp-content\/uploads\/sites\/1345\/2025\/12\/Visednevna-terenska-nastava-2026.pdf\" rel=\"attachment wp-att-300075\">Vi\u0161ednevna terenska nastava 2026<\/a><\/p>\n<p>15.12.2025.<\/p>\n<p>[\/et_pb_accordion_item][\/et_pb_accordion][et_pb_accordion _builder_version=&#8221;4.25.0&#8243; _module_preset=&#8221;default&#8221; global_colors_info=&#8221;{}&#8221;][et_pb_accordion_item title=&#8221;OBRAZAC POZIVA ZA ORGANIZACIJU VI\u0160EDNEVNE IZVANU\u010cIONI\u010cKE NASTAVE&#8221; open=&#8221;on&#8221; _builder_version=&#8221;4.25.0&#8243; _module_preset=&#8221;default&#8221; global_colors_info=&#8221;{}&#8221;]<\/p>\n<p><a href=\"https:\/\/os-sradic-im.skole.hr\/wp-content\/uploads\/sites\/1345\/2025\/02\/NOVI-OBRAZAC-POZIVA.docx.pdf\" rel=\"attachment wp-att-296235\">NOVI OBRAZAC POZIVA.docx<\/a><\/p>\n<p>[\/et_pb_accordion_item][\/et_pb_accordion][et_pb_accordion _builder_version=&#8221;4.25.0&#8243; _module_preset=&#8221;default&#8221; global_colors_info=&#8221;{}&#8221;][et_pb_accordion_item title=&#8221;Obrazac poziva &#8211; ekskurzija osmih razreda&#8221; open=&#8221;on&#8221; _builder_version=&#8221;4.25.0&#8243; _module_preset=&#8221;default&#8221; global_colors_info=&#8221;{}&#8221;]<\/p>\n<p><a href=\"https:\/\/os-sradic-im.skole.hr\/wp-content\/uploads\/sites\/1345\/2024\/12\/OBRAZAC-POZIVA-ZA-ORGANIZACIJU-VISEDNEVNE-IZVANUCIONICKE-NASTAVE-2024.docx\" rel=\"attachment wp-att-295548\">OBRAZAC POZIVA ZA ORGANIZACIJU VI\u0160EDNEVNE IZVANU\u010cIONI\u010cKE NASTAVE 2024<\/a><\/p>\n<p>[\/et_pb_accordion_item][\/et_pb_accordion][\/et_pb_column][\/et_pb_row][\/et_pb_section]<\/p>\n","protected":false},"excerpt":{"rendered":"<p>Odluka+o+odabiru+ponuditelja-ekskurzija+7.razredi 18.2.2026.Odluka+o+odabiru+ponuditelja-ekskurzija+8.razredi 18.2.2026.Ekskurzija-ucenika-7-razreda-2026-1 23.1.2026.Ekskurzija u\u010denika 8. razreda 2026. 23.1.2026.Odluka o poni\u0161tenju Javnog poziva za vi\u0161ednevnu \u0161kolsku ekskurziju u\u010d. 8 razreda br. poziva 05-25 23.1.2026.Odluka o poni\u0161tenju Javnog poziva za vi\u0161ednevnu ekskurziju u\u010d. 7. razreda- br. poziva 04-25 23.1.2026.Ekskurzija u\u010denika 8. razreda 2026 19.12.2026.Ekskurzija u\u010denika 7 razreda 2026 17.12.2025.Vi\u0161ednevna terenska nastava 2026 15.12.2025.NOVI OBRAZAC POZIVA.docxOBRAZAC POZIVA [&hellip;]<\/p>\n","protected":false},"author":2840,"featured_media":0,"parent":0,"menu_order":0,"comment_status":"closed","ping_status":"closed","template":"","meta":{"_et_pb_use_builder":"on","_et_pb_old_content":"","_et_gb_content_width":"","footnotes":""},"class_list":["post-140","page","type-page","status-publish","hentry"],"_links":{"self":[{"href":"https:\/\/os-sradic-im.skole.hr\/index.php?rest_route=\/wp\/v2\/pages\/140","targetHints":{"allow":["GET"]}}],"collection":[{"href":"https:\/\/os-sradic-im.skole.hr\/index.php?rest_route=\/wp\/v2\/pages"}],"about":[{"href":"https:\/\/os-sradic-im.skole.hr\/index.php?rest_route=\/wp\/v2\/types\/page"}],"author":[{"embeddable":true,"href":"https:\/\/os-sradic-im.skole.hr\/index.php?rest_route=\/wp\/v2\/users\/2840"}],"replies":[{"embeddable":true,"href":"https:\/\/os-sradic-im.skole.hr\/index.php?rest_route=%2Fwp%2Fv2%2Fcomments&post=140"}],"version-history":[{"count":20,"href":"https:\/\/os-sradic-im.skole.hr\/index.php?rest_route=\/wp\/v2\/pages\/140\/revisions"}],"predecessor-version":[{"id":300909,"href":"https:\/\/os-sradic-im.skole.hr\/index.php?rest_route=\/wp\/v2\/pages\/140\/revisions\/300909"}],"wp:attachment":[{"href":"https:\/\/os-sradic-im.skole.hr\/index.php?rest_route=%2Fwp%2Fv2%2Fmedia&parent=140"}],"curies":[{"name":"wp","href":"https:\/\/api.w.org\/{rel}","templated":true}]}}