{"id":116,"date":"2023-07-28T22:09:19","date_gmt":"2023-07-28T20:09:19","guid":{"rendered":"https:\/\/os-sradic-im.skole.hr\/?page_id=116"},"modified":"2025-09-30T11:37:57","modified_gmt":"2025-09-30T09:37:57","slug":"raspored-sati","status":"publish","type":"page","link":"https:\/\/os-sradic-im.skole.hr\/?page_id=116","title":{"rendered":"Raspored sati"},"content":{"rendered":"<p>[et_pb_section fb_built=&#8221;1&#8243; _builder_version=&#8221;4.25.0&#8243; _module_preset=&#8221;default&#8221; background_enable_pattern_style=&#8221;on&#8221; background_pattern_color=&#8221;#88C4DD&#8221; global_colors_info=&#8221;{}&#8221;][et_pb_row _builder_version=&#8221;4.25.0&#8243; _module_preset=&#8221;default&#8221; global_colors_info=&#8221;{}&#8221;][et_pb_column type=&#8221;4_4&#8243; _builder_version=&#8221;4.25.0&#8243; _module_preset=&#8221;default&#8221; global_colors_info=&#8221;{}&#8221;][et_pb_image src=&#8221;https:\/\/os-sradic-im.skole.hr\/wp-content\/uploads\/sites\/1345\/2024\/11\/Informacije-za-roditelje.jpg&#8221; title_text=&#8221;Informacije-za-roditelje&#8221; url_new_window=&#8221;on&#8221; _builder_version=&#8221;4.25.0&#8243; _module_preset=&#8221;default&#8221; z_index=&#8221;-3&#8243; global_colors_info=&#8221;{}&#8221;][\/et_pb_image][et_pb_accordion _builder_version=&#8221;4.25.0&#8243; _module_preset=&#8221;default&#8221; global_colors_info=&#8221;{}&#8221;][et_pb_accordion_item open=&#8221;on&#8221; _builder_version=&#8221;4.25.0&#8243; _module_preset=&#8221;default&#8221; global_colors_info=&#8221;{}&#8221;]<\/p>\n<table width=\"716\">\n<tbody>\n<tr>\n<td width=\"75\">1.<\/td>\n<td width=\"163\">P\u0160 VINJANI DONJI<\/td>\n<td width=\"153\">\u017deljko Kukavica<\/td>\n<td width=\"324\"><strong>\u010detvrtak<\/strong>, 3. \u0161kolski sat (od 9:55 do 10:40)<\/td>\n<\/tr>\n<tr>\n<td width=\"75\">2.<\/td>\n<td width=\"163\">P\u0160 VINJANI DONJI<\/td>\n<td width=\"153\">Josipa \u0160abi\u0107<\/td>\n<td width=\"324\"><strong>\u010detvrtak, <\/strong>2. \u0161kolski sat (od 8:50 do 9:35)<\/td>\n<\/tr>\n<tr>\n<td width=\"75\">3.<\/td>\n<td width=\"163\">P\u0160 VINJANI DONJI<\/td>\n<td width=\"153\">Branka Lon\u010dar<\/td>\n<td width=\"324\"><strong>ponedjeljak, <\/strong>4. \u0161kolski sat (od 10:45 do 11:30)<\/td>\n<\/tr>\n<tr>\n<td width=\"75\">4.<\/td>\n<td width=\"163\">P\u0160 VINJANI DONJI<\/td>\n<td width=\"153\">Sandra \u0110api\u0107<\/td>\n<td width=\"324\"><strong>srijeda, <\/strong>3. \u0161kolski sat (od 9:55 do 10:40)<\/td>\n<\/tr>\n<tr>\n<td width=\"75\">EJ<\/td>\n<td width=\"163\">P\u0160 VINJANI DONJI<\/td>\n<td width=\"153\">Mirko Rimac<\/td>\n<td width=\"324\"><strong>ponedjeljak, <\/strong>3. \u0161kolski sat (od 9:55 do 10:40)<\/td>\n<\/tr>\n<tr>\n<td colspan=\"4\" width=\"716\"><\/td>\n<\/tr>\n<tr>\n<td width=\"75\">1.- 4.<\/td>\n<td width=\"163\">P\u0160 KAMENMOST<\/td>\n<td width=\"153\">Katarina \u0160u\u0161njar<\/td>\n<td width=\"324\"><strong>srijeda<\/strong>, 4. \u0161kolski sat (od 10:45 do 11:30)<\/td>\n<\/tr>\n<\/tbody>\n<\/table>\n<table width=\"713\">\n<tbody>\n<tr>\n<td width=\"93\">HJ<\/td>\n<td width=\"196\">Sanja Bago<\/td>\n<td width=\"424\"><strong>petak<\/strong>, 4. \u0161kolski sat (od 10:45 do 11:30)<\/td>\n<\/tr>\n<tr>\n<td width=\"93\">HJ<\/td>\n<td width=\"196\">Marijana Leki\u0107<\/td>\n<td width=\"424\"><strong>ponedjeljak<\/strong>, 2. \u0161kolski sat (od 8:50 do 9:35)<\/td>\n<\/tr>\n<tr>\n<td width=\"93\">LK<\/td>\n<td width=\"196\">Antonio Kukavica<\/td>\n<td width=\"424\"><strong>utorak, <\/strong>3. \u0161kolski sat (od 9:55 do 10:40)<\/td>\n<\/tr>\n<tr>\n<td width=\"93\">EJ<\/td>\n<td width=\"196\">Tina \u0106ur\u010dija Gugi\u0107<\/td>\n<td width=\"424\"><strong>\u010detvrtak, <\/strong>2. \u0161kolski sat (od 8:50 do 9:35)<\/td>\n<\/tr>\n<tr>\n<td width=\"93\">EJ<\/td>\n<td width=\"196\">An\u0111ela Gudelj<\/td>\n<td width=\"424\"><strong>\u010detvrtak<\/strong>, 4. \u0161kolski sat (od 10:45 do 11:30)<\/td>\n<\/tr>\n<tr>\n<td width=\"93\">EJ\/TJ<\/td>\n<td width=\"196\">Iva Ko\u0161tro<\/td>\n<td width=\"424\"><strong>petak,\u00a0 <\/strong>1. \u0161kolski sat (od 8:00 do 8:45)<\/td>\n<\/tr>\n<tr>\n<td width=\"93\">EJ<\/td>\n<td width=\"196\">Katarina Mr\u0161i\u0107<\/td>\n<td width=\"424\"><strong>\u010detvrtak, <\/strong>2. \u0161kolski sat (od 8:50 do 9:35)<\/td>\n<\/tr>\n<tr>\n<td width=\"93\">MAT<\/td>\n<td width=\"196\">Martina Mar\u0161i\u0107<\/td>\n<td width=\"424\"><strong>srijeda, <\/strong>5. \u0161kolski sat (od 11:35 do 12:20)<\/td>\n<\/tr>\n<tr>\n<td width=\"93\">BIO<\/td>\n<td width=\"196\">Ante \u0106ur\u010dija<\/td>\n<td width=\"424\"><strong>petak, <\/strong>2. \u0161kolski sat (od 8:50 do 9:35)<\/td>\n<\/tr>\n<tr>\n<td width=\"93\">FIZ<\/td>\n<td width=\"196\">Nikola Karin<\/td>\n<td width=\"424\"><strong>srijeda, <\/strong>2. \u0161kolski sat (od 8:50 do 9:35)<\/td>\n<\/tr>\n<tr>\n<td width=\"93\">GEO<\/td>\n<td width=\"196\">Mladenko Bili\u0107 Centi\u0107<\/td>\n<td width=\"424\"><strong>utorak<\/strong>, predsat (od 7:30 do 8:00)<\/td>\n<\/tr>\n<tr>\n<td width=\"93\">TK<\/td>\n<td width=\"196\">Dijana Elez<\/td>\n<td width=\"424\"><strong>ponedjeljak, <\/strong>2. \u0161kolski sat (od 8:50 do 9:35)<\/td>\n<\/tr>\n<tr>\n<td width=\"93\">TZK<\/td>\n<td width=\"196\">Ante Lon\u010dar<\/td>\n<td width=\"424\"><strong>ponedjeljak<\/strong>, 2. \u0161kolski sat (od 8:50 do 9:35)<\/td>\n<\/tr>\n<tr>\n<td width=\"93\">VJ \u2013 K<\/td>\n<td width=\"196\">Anela Kukavica<\/td>\n<td width=\"424\"><strong>\u010detvrtak, <\/strong>6. \u0161kolski sat (od 12:25 do 13:10)<\/td>\n<\/tr>\n<tr>\n<td width=\"93\">VJ \u2013 K<\/td>\n<td width=\"196\">Pera s. Antonela Malenica<\/td>\n<td width=\"424\"><strong>\u010detvrtak, <\/strong>predsat (od 7:20 do 7:50)<\/td>\n<\/tr>\n<tr>\n<td width=\"93\">VJ &#8211; P<\/td>\n<td width=\"196\">Dalibor Cvijanovi\u0107<\/td>\n<td width=\"424\"><strong>\u010detvrtak<\/strong>, 6. \u0161kolski sat (od 12:25 do 13:10)<\/td>\n<\/tr>\n<tr>\n<td width=\"93\">NJ<\/td>\n<td width=\"196\">Ana Bobek<\/td>\n<td width=\"424\"><strong>petak, <\/strong>3. \u0161kolski sat (od 9:55 do 10:40)<\/td>\n<\/tr>\n<tr>\n<td width=\"93\">FJ<\/td>\n<td width=\"196\">Tihana Matokovi\u0107<\/td>\n<td width=\"424\"><strong>petak, <\/strong>6. \u0161kolski sat (od 12:25 do 13:10)<\/td>\n<\/tr>\n<tr>\n<td width=\"93\">INF<\/td>\n<td width=\"196\">Zoran Gabelica<\/td>\n<td width=\"424\"><strong>utorak<\/strong>, 6. \u0161kolski sat (od 12:25 do 13:10)<\/td>\n<\/tr>\n<tr>\n<td width=\"93\">INF<\/td>\n<td width=\"196\">Marijana Veki\u0107<\/td>\n<td width=\"424\"><strong>utorak, <\/strong>4. \u0161kolski sat (od 10:45 do 11:30)<\/td>\n<\/tr>\n<\/tbody>\n<\/table>\n<table width=\"713\">\n<tbody>\n<tr>\n<td style=\"width: 135.25px\">1. a<\/td>\n<td style=\"width: 285.062px\">Marijana Vidak<\/td>\n<td style=\"width: 616.688px\"><strong>\u010detvrtak, <\/strong>3. \u0161kolski sat (od 9:55 do 10:40)<\/td>\n<\/tr>\n<tr>\n<td style=\"width: 135.25px\">1. b<\/td>\n<td style=\"width: 285.062px\">Dragica \u010celan<\/td>\n<td style=\"width: 616.688px\"><strong>utorak<\/strong>, 1. \u0161kolski sat (od 8:00 do 8.45)<\/td>\n<\/tr>\n<tr>\n<td style=\"width: 135.25px\">2. a<\/td>\n<td style=\"width: 285.062px\">Maja \u0160imi\u0107<\/td>\n<td style=\"width: 616.688px\"><strong>\u010detvrtak, <\/strong>2.. \u0161kolski sat (od 8:50 do 9:35)<\/td>\n<\/tr>\n<tr>\n<td style=\"width: 135.25px\">2. b<\/td>\n<td style=\"width: 285.062px\">Martina Jovi\u0107<\/td>\n<td style=\"width: 616.688px\"><strong>utorak,\u00a0 <\/strong>3. \u0161kolski sat (od 9:55 do 10:40)<\/td>\n<\/tr>\n<tr>\n<td style=\"width: 135.25px\">3. a<\/td>\n<td style=\"width: 285.062px\">Antonija Milas<\/td>\n<td style=\"width: 616.688px\"><strong>ponedjeljak, <\/strong>4. \u0161kolski sat (od 10:45 do 11:30)<\/td>\n<\/tr>\n<tr>\n<td style=\"width: 135.25px\">3. b<\/td>\n<td style=\"width: 285.062px\">Jelena Vuj\u010di\u0107<\/td>\n<td style=\"width: 616.688px\"><strong>\u010detvrtak<\/strong>, 1. \u0161kolski sat (od 8:00 do 8:45)<\/td>\n<\/tr>\n<tr>\n<td style=\"width: 135.25px\">4. a<\/td>\n<td style=\"width: 285.062px\">Jona Glibota<\/td>\n<td style=\"width: 616.688px\"><strong>petak,\u00a0 <\/strong>5. \u0161kolski sat (od 11:35 do 12:20)<\/td>\n<\/tr>\n<tr>\n<td style=\"width: 135.25px\">4. b<\/td>\n<td style=\"width: 285.062px\">Anita Meter<\/td>\n<td style=\"width: 616.688px\"><strong>utorak, <\/strong>1. \u0161kolski sat (od 8:00 do 8:45)<\/td>\n<\/tr>\n<tr>\n<td style=\"width: 135.25px\">5. a<\/td>\n<td style=\"width: 285.062px\">Hrvoje Vuica<\/td>\n<td style=\"width: 616.688px\"><strong>\u010detvrtak<\/strong>, 3. \u0161kolski sat (od 9:55 do 10:40)<\/td>\n<\/tr>\n<tr>\n<td style=\"width: 135.25px\">5. b<\/td>\n<td style=\"width: 285.062px\">Barbara Petri\u010devi\u0107<\/td>\n<td style=\"width: 616.688px\"><strong>\u010detvrtak<\/strong>, 3. \u0161kolski sat (od 9:55 do 10:40)<\/td>\n<\/tr>\n<tr>\n<td style=\"width: 135.25px\">5. c<\/td>\n<td style=\"width: 285.062px\">Matija Mikuli\u0107<\/td>\n<td style=\"width: 616.688px\"><strong>srijeda<\/strong>, 6. \u0161kolski sat od 12:25 do 13:10)<\/td>\n<\/tr>\n<tr>\n<td style=\"width: 135.25px\">6. a<\/td>\n<td style=\"width: 285.062px\">Milka Stoji\u0107<\/td>\n<td style=\"width: 616.688px\"><strong>srijeda<\/strong>, 3. \u0161kolski sat (od 9:55 do 10:40)<\/td>\n<\/tr>\n<tr>\n<td style=\"width: 135.25px\">6. b<\/td>\n<td style=\"width: 285.062px\">Sanda Medi\u0107 Gran\u010di\u0107<\/td>\n<td style=\"width: 616.688px\"><strong>utorak, <\/strong>2. \u0161kolski sat (od 8:50 do 9:35)<\/td>\n<\/tr>\n<tr>\n<td style=\"width: 135.25px\">6. c<\/td>\n<td style=\"width: 285.062px\">Ru\u017eica Gran\u010di\u0107<\/td>\n<td style=\"width: 616.688px\"><strong>srijeda, <\/strong>5. \u0161kolski sat (od 11:35 do 12:20)<\/td>\n<\/tr>\n<tr>\n<td style=\"width: 135.25px\">7. a<\/td>\n<td style=\"width: 285.062px\">Andrea Lasi\u0107<\/td>\n<td style=\"width: 616.688px\"><strong>petak, <\/strong>3. \u0161kolski sat (od 9:55 do 10:40)<\/td>\n<\/tr>\n<tr>\n<td style=\"width: 135.25px\">7. b<\/td>\n<td style=\"width: 285.062px\">Jelena D\u017eaja<\/td>\n<td style=\"width: 616.688px\"><strong>utorak, <\/strong>5. \u0161kolski sat (od 11:35 do 12:20)<\/td>\n<\/tr>\n<tr>\n<td style=\"width: 135.25px\">7. c<\/td>\n<td style=\"width: 285.062px\">Mirjana \u0110uzel<\/td>\n<td style=\"width: 616.688px\"><strong>ponedjeljak, <\/strong>3. \u0161kolski sat (od 9:55 do 10:40) u \u0161kolskoj dvorani<\/td>\n<\/tr>\n<tr>\n<td style=\"width: 135.25px\">8. a<\/td>\n<td style=\"width: 285.062px\">Nikolina Divi\u0107<\/td>\n<td style=\"width: 616.688px\"><strong>utorak<\/strong>, 2. \u0161kolski sat (od 8:50 do 9:35)<\/td>\n<\/tr>\n<tr>\n<td style=\"width: 135.25px\">8. b<\/td>\n<td style=\"width: 285.062px\">Ton\u0107i Kelava Vrdoljak<\/td>\n<td style=\"width: 616.688px\"><strong>srijeda<\/strong>, 4. \u0161kolski sat (od 10:45 do 11:30)<\/td>\n<\/tr>\n<tr>\n<td style=\"width: 135.25px\">8. c<\/td>\n<td style=\"width: 285.062px\">Luka Plei\u0107<\/td>\n<td style=\"width: 616.688px\"><strong>srijeda, <\/strong>7. \u0161kolski sat (od 13:15 do 14:00)<\/td>\n<\/tr>\n<tr>\n<td style=\"width: 135.25px\">PRO1<\/td>\n<td style=\"width: 285.062px\">Ivana Juki\u0107<\/td>\n<td style=\"width: 616.688px\"><strong>srijeda<\/strong>, 5. \u0161kolski sat (od 11:35 do 12:20)<\/td>\n<\/tr>\n<tr>\n<td style=\"width: 135.25px\">PRO2<\/td>\n<td style=\"width: 285.062px\">Mirjana Matkovi\u0107<\/td>\n<td style=\"width: 616.688px\"><strong>utorak, <\/strong>3. \u0161kolski sat (od 9:55 do 10:40<\/td>\n<\/tr>\n<\/tbody>\n<\/table>\n<p>[\/et_pb_accordion_item][\/et_pb_accordion][\/et_pb_column][\/et_pb_row][\/et_pb_section]<\/p>\n","protected":false},"excerpt":{"rendered":"<p>1. P\u0160 VINJANI DONJI \u017deljko Kukavica \u010detvrtak, 3. \u0161kolski sat (od 9:55 do 10:40) 2. P\u0160 VINJANI DONJI Josipa \u0160abi\u0107 \u010detvrtak, 2. \u0161kolski sat (od 8:50 do 9:35) 3. P\u0160 VINJANI DONJI Branka Lon\u010dar ponedjeljak, 4. \u0161kolski sat (od 10:45 do 11:30) 4. P\u0160 VINJANI DONJI Sandra \u0110api\u0107 srijeda, 3. \u0161kolski sat (od 9:55 do [&hellip;]<\/p>\n","protected":false},"author":0,"featured_media":0,"parent":0,"menu_order":0,"comment_status":"closed","ping_status":"closed","template":"","meta":{"_et_pb_use_builder":"on","_et_pb_old_content":"","_et_gb_content_width":"","footnotes":""},"class_list":["post-116","page","type-page","status-publish","hentry"],"_links":{"self":[{"href":"https:\/\/os-sradic-im.skole.hr\/index.php?rest_route=\/wp\/v2\/pages\/116","targetHints":{"allow":["GET"]}}],"collection":[{"href":"https:\/\/os-sradic-im.skole.hr\/index.php?rest_route=\/wp\/v2\/pages"}],"about":[{"href":"https:\/\/os-sradic-im.skole.hr\/index.php?rest_route=\/wp\/v2\/types\/page"}],"replies":[{"embeddable":true,"href":"https:\/\/os-sradic-im.skole.hr\/index.php?rest_route=%2Fwp%2Fv2%2Fcomments&post=116"}],"version-history":[{"count":6,"href":"https:\/\/os-sradic-im.skole.hr\/index.php?rest_route=\/wp\/v2\/pages\/116\/revisions"}],"predecessor-version":[{"id":298632,"href":"https:\/\/os-sradic-im.skole.hr\/index.php?rest_route=\/wp\/v2\/pages\/116\/revisions\/298632"}],"wp:attachment":[{"href":"https:\/\/os-sradic-im.skole.hr\/index.php?rest_route=%2Fwp%2Fv2%2Fmedia&parent=116"}],"curies":[{"name":"wp","href":"https:\/\/api.w.org\/{rel}","templated":true}]}}